{"id":7249,"date":"2023-07-17T17:03:47","date_gmt":"2023-07-17T15:03:47","guid":{"rendered":"http:\/\/jcgqqhj.cluster030.hosting.ovh.net\/fr\/?page_id=7249"},"modified":"2023-08-21T11:43:28","modified_gmt":"2023-08-21T09:43:28","slug":"ma-petite-planete-partenaire-de-loiec","status":"publish","type":"page","link":"https:\/\/oiecinternational.com\/fr\/accueil-2\/ma-petite-planete-partenaire-de-loiec\/","title":{"rendered":"MA PETITE PLAN\u00c8TE : partenaire de l&#8217;OIEC"},"content":{"rendered":"\t\t<div data-elementor-type=\"wp-page\" data-elementor-id=\"7249\" class=\"elementor elementor-7249\">\n\t\t\t\t\t\t<section class=\"elementor-section elementor-top-section elementor-element elementor-element-345735c elementor-section-boxed elementor-section-height-default elementor-section-height-default\" data-id=\"345735c\" data-element_type=\"section\">\n\t\t\t\t\t\t<div class=\"elementor-container elementor-column-gap-default\">\n\t\t\t\t\t<div class=\"elementor-column elementor-col-50 elementor-top-column elementor-element elementor-element-cd7a96d\" data-id=\"cd7a96d\" data-element_type=\"column\">\n\t\t\t<div class=\"elementor-widget-wrap elementor-element-populated\">\n\t\t\t\t\t\t<div class=\"elementor-element elementor-element-19d0c41 elementor-widget elementor-widget-text-editor\" data-id=\"19d0c41\" data-element_type=\"widget\" data-widget_type=\"text-editor.default\">\n\t\t\t\t<div class=\"elementor-widget-container\">\n\t\t\t\t\t\t\t<p>L&#8217;association\u00a0<strong><a title=\"Prot\u00e9g\u00e9 par Outlook\u00a0: https:\/\/mapetiteplanete.org\/mpp-scolaire\/. Cliquez ou appuyez pour suivre le lien.\" href=\"https:\/\/mapetiteplanete.org\/mpp-scolaire\/\" data-auth=\"Verified\" data-linkindex=\"4\">Ma Petite Plan\u00e8te<\/a>\u00a0<\/strong>vous propose de participer \u00e0 un jeu collaboratif gratuit pour sensibiliser et faire agir les jeunes sur le\u00a0<strong>th\u00e8me de l\u2019\u00e9cologie et de la solidarit\u00e9.<\/strong><\/p><p>En quelques mots, Ma Petite Plan\u00e8te est un jeu de\u00a0<strong>d\u00e9fis \u00e9cologiques<\/strong>\u00a0qui se joue en \u00e9quipe, de la petite section au lyc\u00e9e pendant\u00a0<strong>3 semaines<\/strong>. L\u2019objectif est de\u00a0<strong>faire passer \u00e0 l&#8217;action un maximum d&#8217;\u00e9l\u00e8ves pour la pr\u00e9servation de la plan\u00e8te et du vivant<\/strong>, en les sensibilisant aux enjeux \u00e9cologiques et de solidarit\u00e9. Le jeu, clef en main, permet de\u00a0<strong>renforcer les liens entre les \u00e9l\u00e8ves et la communaut\u00e9 \u00e9ducative<\/strong>, tout en favorisant le passage \u00e0 l&#8217;action et la collaboration.<\/p><p>Lors de la derni\u00e8re \u00e9dition, 2 000 classes ont particip\u00e9, soit 45 000 \u00e9l\u00e8ves et enseignant.e.s, qui ont accompli plus de 670 000 d\u00e9fis pour la plan\u00e8te !<\/p><p>Deux \u00e9ditions sont organis\u00e9es par an : cette ann\u00e9e, elles auront lieu \u00e0 partir\u00a0<strong>du 13 novembre 2023 et \u00e0 partir du 11 mars 2024.<\/strong>\u00a0Pour s\u2019inscrire il suffit de t\u00e9l\u00e9charger l\u2019application MPP scolaire (logo jaune), ou utiliser la\u00a0<strong><a title=\"Prot\u00e9g\u00e9 par Outlook\u00a0: https:\/\/plateforme-scolaire.mapetiteplanete.org\/#\/. Cliquez ou appuyez pour suivre le lien.\" href=\"https:\/\/mapetiteplanete.org\/mpp-scolaire\/\" target=\"_blank\" rel=\"noopener\" data-auth=\"Verified\" data-linkindex=\"5\">web app en ligne<\/a>.<\/strong><\/p><p>Pour mieux comprendre le challenge, je vous invite \u00e0 consulter\u00a0la<a href=\"https:\/\/www.youtube.com\/watch?v=q2ldTRV6d6A\" target=\"_blank\" rel=\"noopener\">\u00a0vid\u00e9o r\u00e9capitulative de l\u2019\u00e9dition printemps 2023.<\/a><\/p><p>Ma Petite Plan\u00e8te propose d\u2019assister \u00e0 une pr\u00e9sentation \/ formation en visio pour pr\u00e9senter les fonctionnalit\u00e9s du jeu plus en d\u00e9tails. Voici le<a href=\"https:\/\/www.eventbrite.fr\/e\/billets-mpp-scolaire-webinaire-de-presentation-et-formation-au-jeu-234825658867?aff=ebdsoporgprofile\" target=\"_blank\" rel=\"noopener\">\u00a0lien pour s\u2019inscrire<\/a>\u00a0\u00e0 un des cr\u00e9neaux.<\/p>\t\t\t\t\t\t<\/div>\n\t\t\t\t<\/div>\n\t\t\t\t\t<\/div>\n\t\t<\/div>\n\t\t\t\t<div class=\"elementor-column elementor-col-50 elementor-top-column elementor-element elementor-element-15193a4\" data-id=\"15193a4\" data-element_type=\"column\">\n\t\t\t<div class=\"elementor-widget-wrap elementor-element-populated\">\n\t\t\t\t\t\t<div class=\"elementor-element elementor-element-2eba880 elementor-widget elementor-widget-image\" data-id=\"2eba880\" data-element_type=\"widget\" data-widget_type=\"image.default\">\n\t\t\t\t<div class=\"elementor-widget-container\">\n\t\t\t\t\t\t\t\t\t\t\t\t\t<img fetchpriority=\"high\" decoding=\"async\" width=\"591\" height=\"277\" src=\"https:\/\/oiecinternational.com\/fr\/wp-content\/uploads\/sites\/3\/2023\/07\/Logos_MPP_Vectorise-couleur.png\" class=\"attachment-large size-large wp-image-7212\" alt=\"\" srcset=\"https:\/\/oiecinternational.com\/fr\/wp-content\/uploads\/sites\/3\/2023\/07\/Logos_MPP_Vectorise-couleur.png 591w, https:\/\/oiecinternational.com\/fr\/wp-content\/uploads\/sites\/3\/2023\/07\/Logos_MPP_Vectorise-couleur-300x141.png 300w\" sizes=\"(max-width: 591px) 100vw, 591px\" \/>\t\t\t\t\t\t\t\t\t\t\t\t\t<\/div>\n\t\t\t\t<\/div>\n\t\t\t\t<div class=\"elementor-element elementor-element-c305198 elementor-widget elementor-widget-image\" data-id=\"c305198\" data-element_type=\"widget\" data-widget_type=\"image.default\">\n\t\t\t\t<div class=\"elementor-widget-container\">\n\t\t\t\t\t\t\t\t\t\t\t\t\t<img decoding=\"async\" width=\"640\" height=\"453\" src=\"https:\/\/oiecinternational.com\/fr\/wp-content\/uploads\/sites\/3\/2023\/07\/r-un-sous-titre-11-e1625563969420-2-1024x724.png\" class=\"attachment-large size-large wp-image-7252\" alt=\"\" srcset=\"https:\/\/oiecinternational.com\/fr\/wp-content\/uploads\/sites\/3\/2023\/07\/r-un-sous-titre-11-e1625563969420-2-1024x724.png 1024w, https:\/\/oiecinternational.com\/fr\/wp-content\/uploads\/sites\/3\/2023\/07\/r-un-sous-titre-11-e1625563969420-2-300x212.png 300w, https:\/\/oiecinternational.com\/fr\/wp-content\/uploads\/sites\/3\/2023\/07\/r-un-sous-titre-11-e1625563969420-2-768x543.png 768w, https:\/\/oiecinternational.com\/fr\/wp-content\/uploads\/sites\/3\/2023\/07\/r-un-sous-titre-11-e1625563969420-2-1536x1086.png 1536w, https:\/\/oiecinternational.com\/fr\/wp-content\/uploads\/sites\/3\/2023\/07\/r-un-sous-titre-11-e1625563969420-2-2048x1448.png 2048w\" sizes=\"(max-width: 640px) 100vw, 640px\" \/>\t\t\t\t\t\t\t\t\t\t\t\t\t<\/div>\n\t\t\t\t<\/div>\n\t\t\t\t<div class=\"elementor-element elementor-element-30c8084 elementor-widget elementor-widget-image\" data-id=\"30c8084\" data-element_type=\"widget\" data-widget_type=\"image.default\">\n\t\t\t\t<div class=\"elementor-widget-container\">\n\t\t\t\t\t\t\t\t\t\t\t\t\t<img decoding=\"async\" width=\"523\" height=\"477\" src=\"https:\/\/oiecinternational.com\/fr\/wp-content\/uploads\/sites\/3\/2023\/07\/Image_appli_1080px-1024x933-removebg-preview.png\" class=\"attachment-large size-large wp-image-7255\" alt=\"\" srcset=\"https:\/\/oiecinternational.com\/fr\/wp-content\/uploads\/sites\/3\/2023\/07\/Image_appli_1080px-1024x933-removebg-preview.png 523w, https:\/\/oiecinternational.com\/fr\/wp-content\/uploads\/sites\/3\/2023\/07\/Image_appli_1080px-1024x933-removebg-preview-300x274.png 300w\" sizes=\"(max-width: 523px) 100vw, 523px\" \/>\t\t\t\t\t\t\t\t\t\t\t\t\t<\/div>\n\t\t\t\t<\/div>\n\t\t\t\t\t<\/div>\n\t\t<\/div>\n\t\t\t\t\t<\/div>\n\t\t<\/section>\n\t\t\t\t<\/div>\n\t\t","protected":false},"excerpt":{"rendered":"<p>L&#8217;association\u00a0Ma Petite Plan\u00e8te\u00a0vous propose de participer \u00e0 un jeu collaboratif gratuit pour sensibiliser et faire agir les jeunes sur le\u00a0th\u00e8me de l\u2019\u00e9cologie et de la solidarit\u00e9. En quelques mots, Ma Petite Plan\u00e8te est un jeu de\u00a0d\u00e9fis \u00e9cologiques\u00a0qui se joue en \u00e9quipe, de la petite section au lyc\u00e9e pendant\u00a03 semaines. L\u2019objectif est de\u00a0faire passer \u00e0 l&#8217;action un maximum d&#8217;\u00e9l\u00e8ves pour la&#8230;<\/p>\n","protected":false},"author":3,"featured_media":0,"parent":236,"menu_order":4,"comment_status":"closed","ping_status":"closed","template":"","meta":{"_eb_attr":"","footnotes":""},"class_list":["post-7249","page","type-page","status-publish","hentry"],"_links":{"self":[{"href":"https:\/\/oiecinternational.com\/fr\/wp-json\/wp\/v2\/pages\/7249"}],"collection":[{"href":"https:\/\/oiecinternational.com\/fr\/wp-json\/wp\/v2\/pages"}],"about":[{"href":"https:\/\/oiecinternational.com\/fr\/wp-json\/wp\/v2\/types\/page"}],"author":[{"embeddable":true,"href":"https:\/\/oiecinternational.com\/fr\/wp-json\/wp\/v2\/users\/3"}],"replies":[{"embeddable":true,"href":"https:\/\/oiecinternational.com\/fr\/wp-json\/wp\/v2\/comments?post=7249"}],"version-history":[{"count":0,"href":"https:\/\/oiecinternational.com\/fr\/wp-json\/wp\/v2\/pages\/7249\/revisions"}],"up":[{"embeddable":true,"href":"https:\/\/oiecinternational.com\/fr\/wp-json\/wp\/v2\/pages\/236"}],"wp:attachment":[{"href":"https:\/\/oiecinternational.com\/fr\/wp-json\/wp\/v2\/media?parent=7249"}],"curies":[{"name":"wp","href":"https:\/\/api.w.org\/{rel}","templated":true}]}}