{"id":7556,"date":"2023-11-03T10:10:35","date_gmt":"2023-11-03T09:10:35","guid":{"rendered":"http:\/\/jcgqqhj.cluster030.hosting.ovh.net\/fr\/?page_id=7556"},"modified":"2023-11-03T10:14:10","modified_gmt":"2023-11-03T09:14:10","slug":"laudate-deum","status":"publish","type":"page","link":"https:\/\/oiecinternational.com\/fr\/laudate-deum\/","title":{"rendered":"Laudate deum, l&#8217;exposition"},"content":{"rendered":"\t\t<div data-elementor-type=\"wp-page\" data-elementor-id=\"7556\" class=\"elementor elementor-7556\">\n\t\t\t\t\t\t<section class=\"elementor-section elementor-top-section elementor-element elementor-element-9c99c97 elementor-section-boxed elementor-section-height-default elementor-section-height-default\" data-id=\"9c99c97\" data-element_type=\"section\">\n\t\t\t\t\t\t<div class=\"elementor-container elementor-column-gap-default\">\n\t\t\t\t\t<div class=\"elementor-column elementor-col-100 elementor-top-column elementor-element elementor-element-a338aa4\" data-id=\"a338aa4\" data-element_type=\"column\">\n\t\t\t<div class=\"elementor-widget-wrap elementor-element-populated\">\n\t\t\t\t\t\t<div class=\"elementor-element elementor-element-8e185c9 elementor-widget elementor-widget-image\" data-id=\"8e185c9\" data-element_type=\"widget\" data-widget_type=\"image.default\">\n\t\t\t\t<div class=\"elementor-widget-container\">\n\t\t\t\t\t\t\t\t\t\t\t\t\t<img fetchpriority=\"high\" decoding=\"async\" width=\"800\" height=\"565\" src=\"https:\/\/oiecinternational.com\/fr\/wp-content\/uploads\/sites\/3\/2023\/11\/expo-laudate-deum-WEB.png\" class=\"attachment-full size-full wp-image-7558\" alt=\"\" srcset=\"https:\/\/oiecinternational.com\/fr\/wp-content\/uploads\/sites\/3\/2023\/11\/expo-laudate-deum-WEB.png 800w, https:\/\/oiecinternational.com\/fr\/wp-content\/uploads\/sites\/3\/2023\/11\/expo-laudate-deum-WEB-300x212.png 300w, https:\/\/oiecinternational.com\/fr\/wp-content\/uploads\/sites\/3\/2023\/11\/expo-laudate-deum-WEB-768x542.png 768w\" sizes=\"(max-width: 800px) 100vw, 800px\" \/>\t\t\t\t\t\t\t\t\t\t\t\t\t<\/div>\n\t\t\t\t<\/div>\n\t\t\t\t\t<\/div>\n\t\t<\/div>\n\t\t\t\t\t<\/div>\n\t\t<\/section>\n\t\t\t\t<section class=\"elementor-section elementor-top-section elementor-element elementor-element-42c92a7 elementor-section-boxed elementor-section-height-default elementor-section-height-default\" data-id=\"42c92a7\" data-element_type=\"section\">\n\t\t\t\t\t\t<div class=\"elementor-container elementor-column-gap-default\">\n\t\t\t\t\t<div class=\"elementor-column elementor-col-100 elementor-top-column elementor-element elementor-element-fce2eec\" data-id=\"fce2eec\" data-element_type=\"column\">\n\t\t\t<div class=\"elementor-widget-wrap elementor-element-populated\">\n\t\t\t\t\t\t<div class=\"elementor-element elementor-element-c27f89f elementor-widget elementor-widget-heading\" data-id=\"c27f89f\" data-element_type=\"widget\" data-widget_type=\"heading.default\">\n\t\t\t\t<div class=\"elementor-widget-container\">\n\t\t\t<h2 class=\"elementor-heading-title elementor-size-default\">Laudate Deum, l\u2019exposition<\/h2>\t\t<\/div>\n\t\t\t\t<\/div>\n\t\t\t\t\t<\/div>\n\t\t<\/div>\n\t\t\t\t\t<\/div>\n\t\t<\/section>\n\t\t\t\t<section class=\"elementor-section elementor-top-section elementor-element elementor-element-d9ab407 elementor-section-boxed elementor-section-height-default elementor-section-height-default\" data-id=\"d9ab407\" data-element_type=\"section\">\n\t\t\t\t\t\t<div class=\"elementor-container elementor-column-gap-default\">\n\t\t\t\t\t<div class=\"elementor-column elementor-col-100 elementor-top-column elementor-element elementor-element-9e07e4b\" data-id=\"9e07e4b\" data-element_type=\"column\">\n\t\t\t<div class=\"elementor-widget-wrap elementor-element-populated\">\n\t\t\t\t\t\t<div class=\"elementor-element elementor-element-4312219 elementor-widget elementor-widget-text-editor\" data-id=\"4312219\" data-element_type=\"widget\" data-widget_type=\"text-editor.default\">\n\t\t\t\t<div class=\"elementor-widget-container\">\n\t\t\t\t\t\t\t<h4><span style=\"color: #333333;\">Mercredi 4 octobre dernier, le pape Fran\u00e7ois a publi\u00e9 une nouvelle exhortation apostolique sur l&#8217;\u00e9cologie \u00ab\u00a0Laudate Deum\u00a0\u00bb, huit ans apr\u00e8s son encyclique &#8220;Laudato si&#8217;. \u00c0 quelques mois de la COP 28, il renouvelle son cri pour la sauvegarde de la Cr\u00e9ation et lance un appel aux chr\u00e9tiens, aux dirigeants, et \u00e0 &#8220;toutes les personnes de bonne volont\u00e9 sur la crise climatique&#8221;. Un texte court et percutant, \u00e0 lire en int\u00e9gralit\u00e9 \u00e0 cette adresse\u00a0:<\/span><\/h4><h4><a href=\"https:\/\/www.vatican.va\/content\/francesco\/fr\/apost_exhortations\/documents\/20231004-laudate-deum.html\">https:\/\/www.vatican.va\/content\/francesco\/fr\/apost_exhortations\/documents\/20231004-laudate-deum.html<\/a><\/h4><h4><span style=\"color: #333333;\">Pour encourager les communaut\u00e9s \u00e9ducatives \u00e0 dialoguer autour de cette exhortation du Pape Fran\u00e7ois, l\u2019OIEC vous propose une exposition, compos\u00e9e de 16 panneaux, pr\u00e9sentant des passages de l\u2019encyclique soigneusement s\u00e9lectionn\u00e9s et illustr\u00e9s de photos.<\/span><\/h4><h4><span style=\"color: #333333;\">Les citations du Pape Fran\u00e7ois sont de nature \u00e0 susciter une r\u00e9flexion concr\u00e8te collective et cr\u00e9ative sur l\u2019engagement en faveur de la sauvegarde de la plan\u00e8te et esquisser les contours d\u2019une v\u00e9ritable \u00e9cologie int\u00e9grale.<\/span><\/h4><h4><strong>Imprimez ces affiches, affichez-les dans vos \u00e9tablissements scolaires et engagez le dialogue avec les jeunes\u00a0! Une belle mani\u00e8re de les sensibiliser \u00e0 la protection de notre maison commune.<\/strong><\/h4>\t\t\t\t\t\t<\/div>\n\t\t\t\t<\/div>\n\t\t\t\t\t<\/div>\n\t\t<\/div>\n\t\t\t\t\t<\/div>\n\t\t<\/section>\n\t\t\t\t<section class=\"elementor-section elementor-top-section elementor-element elementor-element-048e6dc elementor-section-boxed elementor-section-height-default elementor-section-height-default\" data-id=\"048e6dc\" data-element_type=\"section\">\n\t\t\t\t\t\t<div class=\"elementor-container elementor-column-gap-default\">\n\t\t\t\t\t<div class=\"elementor-column elementor-col-100 elementor-top-column elementor-element elementor-element-20215fc\" data-id=\"20215fc\" data-element_type=\"column\">\n\t\t\t<div class=\"elementor-widget-wrap elementor-element-populated\">\n\t\t\t\t\t\t<div class=\"elementor-element elementor-element-086e425 elementor-button-info elementor-align-center elementor-widget elementor-widget-button\" data-id=\"086e425\" data-element_type=\"widget\" data-widget_type=\"button.default\">\n\t\t\t\t<div class=\"elementor-widget-container\">\n\t\t\t\t\t<div class=\"elementor-button-wrapper\">\n\t\t\t<a class=\"elementor-button elementor-button-link elementor-size-xl\" href=\"https:\/\/drive.google.com\/drive\/folders\/1XsEcm4Jksi-J5C9YXh4SsqcF9Y-hmCuL?usp=drive_link\">\n\t\t\t\t\t\t<span class=\"elementor-button-content-wrapper\">\n\t\t\t\t\t\t<span class=\"elementor-button-icon\">\n\t\t\t\t<i aria-hidden=\"true\" class=\"fas fa-cloud-download-alt\"><\/i>\t\t\t<\/span>\n\t\t\t\t\t\t\t\t\t<span class=\"elementor-button-text\">T\u00e9l\u00e9chargez les panneaux d'exposition<\/span>\n\t\t\t\t\t<\/span>\n\t\t\t\t\t<\/a>\n\t\t<\/div>\n\t\t\t\t<\/div>\n\t\t\t\t<\/div>\n\t\t\t\t\t<\/div>\n\t\t<\/div>\n\t\t\t\t\t<\/div>\n\t\t<\/section>\n\t\t\t\t<section class=\"elementor-section elementor-top-section elementor-element elementor-element-8e4cac2 elementor-section-boxed elementor-section-height-default elementor-section-height-default\" data-id=\"8e4cac2\" data-element_type=\"section\">\n\t\t\t\t\t\t<div class=\"elementor-container elementor-column-gap-default\">\n\t\t\t\t\t<div class=\"elementor-column elementor-col-100 elementor-top-column elementor-element elementor-element-f62fd60\" data-id=\"f62fd60\" data-element_type=\"column\">\n\t\t\t<div class=\"elementor-widget-wrap elementor-element-populated\">\n\t\t\t\t\t\t<div class=\"elementor-element elementor-element-2c1a7a0 elementor-widget elementor-widget-image\" data-id=\"2c1a7a0\" data-element_type=\"widget\" data-widget_type=\"image.default\">\n\t\t\t\t<div class=\"elementor-widget-container\">\n\t\t\t\t\t\t\t\t\t\t\t\t\t<img decoding=\"async\" width=\"800\" height=\"565\" src=\"https:\/\/oiecinternational.com\/fr\/wp-content\/uploads\/sites\/3\/2023\/11\/fr-WEB.png\" class=\"attachment-full size-full wp-image-7559\" alt=\"\" srcset=\"https:\/\/oiecinternational.com\/fr\/wp-content\/uploads\/sites\/3\/2023\/11\/fr-WEB.png 800w, https:\/\/oiecinternational.com\/fr\/wp-content\/uploads\/sites\/3\/2023\/11\/fr-WEB-300x212.png 300w, https:\/\/oiecinternational.com\/fr\/wp-content\/uploads\/sites\/3\/2023\/11\/fr-WEB-768x542.png 768w\" sizes=\"(max-width: 800px) 100vw, 800px\" \/>\t\t\t\t\t\t\t\t\t\t\t\t\t<\/div>\n\t\t\t\t<\/div>\n\t\t\t\t\t<\/div>\n\t\t<\/div>\n\t\t\t\t\t<\/div>\n\t\t<\/section>\n\t\t\t\t<\/div>\n\t\t","protected":false},"excerpt":{"rendered":"<p>Laudate Deum, l\u2019exposition Mercredi 4 octobre dernier, le pape Fran\u00e7ois a publi\u00e9 une nouvelle exhortation apostolique sur l&#8217;\u00e9cologie \u00ab&nbsp;Laudate Deum&nbsp;\u00bb, huit ans apr\u00e8s son encyclique &#8220;Laudato si&#8217;. \u00c0 quelques mois de la COP 28, il renouvelle son cri pour la sauvegarde de la Cr\u00e9ation et lance un appel aux chr\u00e9tiens, aux dirigeants, et \u00e0 &#8220;toutes les personnes de bonne volont\u00e9&#8230;<\/p>\n","protected":false},"author":3,"featured_media":0,"parent":0,"menu_order":0,"comment_status":"closed","ping_status":"closed","template":"","meta":{"_eb_attr":"","footnotes":""},"class_list":["post-7556","page","type-page","status-publish","hentry"],"_links":{"self":[{"href":"https:\/\/oiecinternational.com\/fr\/wp-json\/wp\/v2\/pages\/7556"}],"collection":[{"href":"https:\/\/oiecinternational.com\/fr\/wp-json\/wp\/v2\/pages"}],"about":[{"href":"https:\/\/oiecinternational.com\/fr\/wp-json\/wp\/v2\/types\/page"}],"author":[{"embeddable":true,"href":"https:\/\/oiecinternational.com\/fr\/wp-json\/wp\/v2\/users\/3"}],"replies":[{"embeddable":true,"href":"https:\/\/oiecinternational.com\/fr\/wp-json\/wp\/v2\/comments?post=7556"}],"version-history":[{"count":0,"href":"https:\/\/oiecinternational.com\/fr\/wp-json\/wp\/v2\/pages\/7556\/revisions"}],"wp:attachment":[{"href":"https:\/\/oiecinternational.com\/fr\/wp-json\/wp\/v2\/media?parent=7556"}],"curies":[{"name":"wp","href":"https:\/\/api.w.org\/{rel}","templated":true}]}}