{"id":7646,"date":"2024-04-15T16:51:18","date_gmt":"2024-04-15T14:51:18","guid":{"rendered":"http:\/\/jcgqqhj.cluster030.hosting.ovh.net\/fr\/?page_id=7646"},"modified":"2024-04-15T20:03:54","modified_gmt":"2024-04-15T18:03:54","slug":"pacte-educatif-global-affiches-et-materiel-pour-lecole","status":"publish","type":"page","link":"https:\/\/oiecinternational.com\/fr\/pacte-educatif-global-lengagement-de-loiec\/pacte-educatif-global-affiches-et-materiel-pour-lecole\/","title":{"rendered":"PACTE \u00c9DUCATIF GLOBAL : Affiches et mat\u00e9riel pour l&#8217;\u00e9cole"},"content":{"rendered":"\t\t<div data-elementor-type=\"wp-page\" data-elementor-id=\"7646\" class=\"elementor elementor-7646\">\n\t\t\t\t\t\t<section class=\"elementor-section elementor-top-section elementor-element elementor-element-9c5dfca elementor-section-boxed elementor-section-height-default elementor-section-height-default\" data-id=\"9c5dfca\" data-element_type=\"section\">\n\t\t\t\t\t\t<div class=\"elementor-container elementor-column-gap-default\">\n\t\t\t\t\t<div class=\"elementor-column elementor-col-66 elementor-top-column elementor-element elementor-element-aa46b25\" data-id=\"aa46b25\" data-element_type=\"column\">\n\t\t\t<div class=\"elementor-widget-wrap elementor-element-populated\">\n\t\t\t\t\t\t<div class=\"elementor-element elementor-element-8056b31 elementor-widget elementor-widget-text-editor\" data-id=\"8056b31\" data-element_type=\"widget\" data-widget_type=\"text-editor.default\">\n\t\t\t\t<div class=\"elementor-widget-container\">\n\t\t\t\t\t\t\t<p><span style=\"color: #5cba3a;\">Afin<strong> de continuer \u00e0 promouvoir la connaissance et l&#8217;expansion des objectifs propos\u00e9s par le Pape Fran\u00e7ois pour parvenir \u00e0 un Pacte mondial pour l&#8217;\u00e9ducation, des affiches ont \u00e9t\u00e9 con\u00e7ues avec des illustrations qui nous aident \u00e0 conna\u00eetre, comprendre et approfondir la signification, le sens et la port\u00e9e de ces objectifs. L&#8217;objectif est d&#8217;atteindre tous les \u00e2ges, des plus jeunes aux plus \u00e2g\u00e9s, dans nos contextes \u00e9ducatifs et sociaux. Nous sommes tous appel\u00e9s \u00e0 les atteindre et \u00e0 les faire vivre dans tous les lieux o\u00f9 nous vivons.<\/strong><\/span><\/p>\n<p>Ce mat\u00e9riel a \u00e9t\u00e9 rendu possible gr\u00e2ce \u00e0 la collaboration du Dicast\u00e8re pour la culture et l&#8217;\u00e9ducation, de l&#8217;\u00e9quipe du Pacte \u00c9ducatif Global, de l&#8217;Office International de l&#8217;Enseignement Catholique, de la Commission pour l&#8217;\u00e9ducation de l&#8217;Union des sup\u00e9rieurs g\u00e9n\u00e9raux, de la CPAL et de la LUMSA. Puisse notre t\u00e9moignage d&#8217;unit\u00e9 et de collaboration s&#8217;\u00e9tendre \u00e0 de nombreuses personnes afin qu&#8217;elles se joignent \u00e0 cette initiative pour faire conna\u00eetre, diffuser et approfondir la connaissance de ces objectifs, en y ajoutant les \u00e9coles, les universit\u00e9s, les institutions \u00e9ducatives et sociales, les diff\u00e9rents secteurs culturels, sportifs, politiques, religieux et commerciaux de nos quartiers et de nos villes.<\/p>\t\t\t\t\t\t<\/div>\n\t\t\t\t<\/div>\n\t\t\t\t\t<\/div>\n\t\t<\/div>\n\t\t\t\t<div class=\"elementor-column elementor-col-33 elementor-top-column elementor-element elementor-element-ac288c6\" data-id=\"ac288c6\" data-element_type=\"column\">\n\t\t\t<div class=\"elementor-widget-wrap elementor-element-populated\">\n\t\t\t\t\t\t<div class=\"elementor-element elementor-element-b1b6bfc elementor-widget elementor-widget-image\" data-id=\"b1b6bfc\" data-element_type=\"widget\" data-widget_type=\"image.default\">\n\t\t\t\t<div class=\"elementor-widget-container\">\n\t\t\t\t\t\t\t\t\t\t\t\t\t<img fetchpriority=\"high\" decoding=\"async\" width=\"565\" height=\"800\" src=\"https:\/\/oiecinternational.com\/fr\/wp-content\/uploads\/sites\/3\/2024\/04\/Livret-7-OBJECTIFS-PEG-FR_1-1-1.png\" class=\"attachment-large size-large wp-image-7648\" alt=\"\" srcset=\"https:\/\/oiecinternational.com\/fr\/wp-content\/uploads\/sites\/3\/2024\/04\/Livret-7-OBJECTIFS-PEG-FR_1-1-1.png 565w, https:\/\/oiecinternational.com\/fr\/wp-content\/uploads\/sites\/3\/2024\/04\/Livret-7-OBJECTIFS-PEG-FR_1-1-1-212x300.png 212w\" sizes=\"(max-width: 565px) 100vw, 565px\" \/>\t\t\t\t\t\t\t\t\t\t\t\t\t<\/div>\n\t\t\t\t<\/div>\n\t\t\t\t\t<\/div>\n\t\t<\/div>\n\t\t\t\t\t<\/div>\n\t\t<\/section>\n\t\t\t\t<section class=\"elementor-section elementor-top-section elementor-element elementor-element-a4a4bae elementor-section-boxed elementor-section-height-default elementor-section-height-default\" data-id=\"a4a4bae\" data-element_type=\"section\">\n\t\t\t\t\t\t<div class=\"elementor-container elementor-column-gap-default\">\n\t\t\t\t\t<div class=\"elementor-column elementor-col-100 elementor-top-column elementor-element elementor-element-5c62580\" data-id=\"5c62580\" data-element_type=\"column\">\n\t\t\t<div class=\"elementor-widget-wrap elementor-element-populated\">\n\t\t\t\t\t\t<div class=\"elementor-element elementor-element-2cd736b elementor-widget elementor-widget-text-editor\" data-id=\"2cd736b\" data-element_type=\"widget\" data-widget_type=\"text-editor.default\">\n\t\t\t\t<div class=\"elementor-widget-container\">\n\t\t\t\t\t\t\t<p><strong>Les dessins ont \u00e9t\u00e9 con\u00e7us et r\u00e9alis\u00e9s par Patxi Velasco (&#8220;FANO&#8221;),\u00a0de Malaga, en Espagne.<\/strong><\/p><h4><strong>Pour vous aider \u00e0 comprendre et \u00e0 agir dans votre \u00e9tablissement, nous vous proposons 3 livrets et des affiches faciles \u00e0 utiliser et inspirants :\u00a0<\/strong><\/h4>\t\t\t\t\t\t<\/div>\n\t\t\t\t<\/div>\n\t\t\t\t\t<\/div>\n\t\t<\/div>\n\t\t\t\t\t<\/div>\n\t\t<\/section>\n\t\t\t\t<section class=\"elementor-section elementor-top-section elementor-element elementor-element-1774885 elementor-section-boxed elementor-section-height-default elementor-section-height-default\" data-id=\"1774885\" data-element_type=\"section\">\n\t\t\t\t\t\t<div class=\"elementor-container elementor-column-gap-default\">\n\t\t\t\t\t<div class=\"elementor-column elementor-col-33 elementor-top-column elementor-element elementor-element-d52a7cf\" data-id=\"d52a7cf\" data-element_type=\"column\">\n\t\t\t<div class=\"elementor-widget-wrap elementor-element-populated\">\n\t\t\t\t\t\t<div class=\"elementor-element elementor-element-a136b30 elementor-widget elementor-widget-image\" data-id=\"a136b30\" data-element_type=\"widget\" data-widget_type=\"image.default\">\n\t\t\t\t<div class=\"elementor-widget-container\">\n\t\t\t\t\t\t\t\t\t\t\t\t\t<img decoding=\"async\" width=\"565\" height=\"800\" src=\"https:\/\/oiecinternational.com\/fr\/wp-content\/uploads\/sites\/3\/2024\/04\/AFFICHES-FR_8_1-.png\" class=\"attachment-large size-large wp-image-7651\" alt=\"\" srcset=\"https:\/\/oiecinternational.com\/fr\/wp-content\/uploads\/sites\/3\/2024\/04\/AFFICHES-FR_8_1-.png 565w, https:\/\/oiecinternational.com\/fr\/wp-content\/uploads\/sites\/3\/2024\/04\/AFFICHES-FR_8_1--212x300.png 212w\" sizes=\"(max-width: 565px) 100vw, 565px\" \/>\t\t\t\t\t\t\t\t\t\t\t\t\t<\/div>\n\t\t\t\t<\/div>\n\t\t\t\t\t<\/div>\n\t\t<\/div>\n\t\t\t\t<div class=\"elementor-column elementor-col-66 elementor-top-column elementor-element elementor-element-3e5b47a\" data-id=\"3e5b47a\" data-element_type=\"column\">\n\t\t\t<div class=\"elementor-widget-wrap elementor-element-populated\">\n\t\t\t\t\t\t<div class=\"elementor-element elementor-element-2ffd099 elementor-widget elementor-widget-text-editor\" data-id=\"2ffd099\" data-element_type=\"widget\" data-widget_type=\"text-editor.default\">\n\t\t\t\t<div class=\"elementor-widget-container\">\n\t\t\t\t\t\t\t<h3>Les 7 affiches<\/h3><p>Une pour chaque objectif du Pacte \u00c9ducatif Global et une affiche les regroupant toutes, en haute qualit\u00e9 afin qu&#8217;elles puissent \u00eatre reproduites en diff\u00e9rentes tailles. Nous les lan\u00e7ons <span style=\"color: #ff9900;\"><strong>dans plus de 20 langues<\/strong> <\/span>(chinois, japonais, tagalog, tamil, hindi, tetum, tha\u00ef, cor\u00e9en, croate, anglais, espagnol, fran\u00e7ais, italien, portugais, n\u00e9erlandais, polonais, vietnamien, kiswahili, roumain, slov\u00e8ne &#8230;).<\/p><p><strong>Chaque affiche est compos\u00e9e de 3 \u00e9l\u00e9ments :<\/strong><\/p><ul><li><span style=\"color: #00ccff;\"><strong>Un verbe<\/strong><\/span> qui la synth\u00e9tise et indique l&#8217;action centrale \u00e0 entreprendre ;<\/li><li><strong><span style=\"color: #00ccff;\">Une illustration<\/span><\/strong> aux multiples d\u00e9tails qui ouvre l&#8217;horizon et nous donne de multiples indices pour atteindre l&#8217;objectif ;<\/li><li>Et enfin, <strong><span style=\"color: #00ccff;\">le titre technique et descriptif de l&#8217;affiche<\/span><\/strong>, accompagn\u00e9 d&#8217;un bref commentaire qui le d\u00e9finit.<\/li><\/ul><p style=\"text-align: center;\"><strong><a href=\"https:\/\/drive.google.com\/drive\/folders\/1SuSXdiMqFyfB04kJ04j9hRUefqcE8pG5?usp=drive_link\" target=\"_blank\" rel=\"noopener\">T\u00e9l\u00e9charger les affiches<\/a><\/strong><\/p>\t\t\t\t\t\t<\/div>\n\t\t\t\t<\/div>\n\t\t\t\t\t<\/div>\n\t\t<\/div>\n\t\t\t\t\t<\/div>\n\t\t<\/section>\n\t\t\t\t<section class=\"elementor-section elementor-top-section elementor-element elementor-element-c711ff9 elementor-section-boxed elementor-section-height-default elementor-section-height-default\" data-id=\"c711ff9\" data-element_type=\"section\">\n\t\t\t\t\t\t<div class=\"elementor-container elementor-column-gap-default\">\n\t\t\t\t\t<div class=\"elementor-column elementor-col-66 elementor-top-column elementor-element elementor-element-fd52bf2\" data-id=\"fd52bf2\" data-element_type=\"column\">\n\t\t\t<div class=\"elementor-widget-wrap elementor-element-populated\">\n\t\t\t\t\t\t<div class=\"elementor-element elementor-element-5c1dca9 elementor-widget elementor-widget-text-editor\" data-id=\"5c1dca9\" data-element_type=\"widget\" data-widget_type=\"text-editor.default\">\n\t\t\t\t<div class=\"elementor-widget-container\">\n\t\t\t\t\t\t\t<h3>\u00a0<\/h3><h3><strong>Le cahier<\/strong> <strong>pour les communaut\u00e9s \u00e9ducatives<\/strong><\/h3><p>Le cahier pour les communaut\u00e9s \u00e9ducatives (responsables, enseignants, familles, \u00e9l\u00e8ves, collaborateurs), pour les associations de quartier et les diff\u00e9rents secteurs et collectifs de la ville, les paroisses, les ONG, etc.<\/p><p>Ils sont disponibles en <span style=\"color: #ff9900;\"><strong>5 langues <\/strong><\/span>(espagnol, fran\u00e7ais, anglais, italien et portugais). Il d\u00e9crit bri\u00e8vement les dessins et <span style=\"color: #00ccff;\"><strong>propose des activit\u00e9s pour comprendre et projeter l&#8217;Objectif, afin d&#8217;initier son application et sa construction au sein de chaque collectif et de la ville<\/strong><\/span> ; une concr\u00e9tisation locale avec une ouverture globale.<\/p><p style=\"text-align: center;\"><a href=\"https:\/\/drive.google.com\/drive\/folders\/1xOnP0d1YGnjc9jiyCU_dr2QhTTjCDaiz?usp=drive_link\" target=\"_blank\" rel=\"noopener\"><strong>T\u00e9l\u00e9charger le cahier<\/strong><\/a><\/p>\t\t\t\t\t\t<\/div>\n\t\t\t\t<\/div>\n\t\t\t\t\t<\/div>\n\t\t<\/div>\n\t\t\t\t<div class=\"elementor-column elementor-col-33 elementor-top-column elementor-element elementor-element-35b1477\" data-id=\"35b1477\" data-element_type=\"column\">\n\t\t\t<div class=\"elementor-widget-wrap elementor-element-populated\">\n\t\t\t\t\t\t<div class=\"elementor-element elementor-element-e8eefbd elementor-widget elementor-widget-image\" data-id=\"e8eefbd\" data-element_type=\"widget\" data-widget_type=\"image.default\">\n\t\t\t\t<div class=\"elementor-widget-container\">\n\t\t\t\t\t\t\t\t\t\t\t\t\t<img decoding=\"async\" width=\"640\" height=\"905\" src=\"https:\/\/oiecinternational.com\/fr\/wp-content\/uploads\/sites\/3\/2024\/04\/Livret-7-OBJECTIFS-PEG-FR_1-.png\" class=\"attachment-large size-large wp-image-7647\" alt=\"\" \/>\t\t\t\t\t\t\t\t\t\t\t\t\t<\/div>\n\t\t\t\t<\/div>\n\t\t\t\t\t<\/div>\n\t\t<\/div>\n\t\t\t\t\t<\/div>\n\t\t<\/section>\n\t\t\t\t<section class=\"elementor-section elementor-top-section elementor-element elementor-element-ef8aa96 elementor-section-boxed elementor-section-height-default elementor-section-height-default\" data-id=\"ef8aa96\" data-element_type=\"section\">\n\t\t\t\t\t\t<div class=\"elementor-container elementor-column-gap-default\">\n\t\t\t\t\t<div class=\"elementor-column elementor-col-33 elementor-top-column elementor-element elementor-element-03c38fa\" data-id=\"03c38fa\" data-element_type=\"column\">\n\t\t\t<div class=\"elementor-widget-wrap elementor-element-populated\">\n\t\t\t\t\t\t<div class=\"elementor-element elementor-element-a2fac97 elementor-widget elementor-widget-image\" data-id=\"a2fac97\" data-element_type=\"widget\" data-widget_type=\"image.default\">\n\t\t\t\t<div class=\"elementor-widget-container\">\n\t\t\t\t\t\t\t\t\t\t\t\t\t<img loading=\"lazy\" decoding=\"async\" width=\"565\" height=\"800\" src=\"https:\/\/oiecinternational.com\/fr\/wp-content\/uploads\/sites\/3\/2024\/04\/Livret-7-OBJECTIFS-PEG-FR-livret-1_1-.png\" class=\"attachment-large size-large wp-image-7649\" alt=\"\" srcset=\"https:\/\/oiecinternational.com\/fr\/wp-content\/uploads\/sites\/3\/2024\/04\/Livret-7-OBJECTIFS-PEG-FR-livret-1_1-.png 565w, https:\/\/oiecinternational.com\/fr\/wp-content\/uploads\/sites\/3\/2024\/04\/Livret-7-OBJECTIFS-PEG-FR-livret-1_1--212x300.png 212w\" sizes=\"(max-width: 565px) 100vw, 565px\" \/>\t\t\t\t\t\t\t\t\t\t\t\t\t<\/div>\n\t\t\t\t<\/div>\n\t\t\t\t\t<\/div>\n\t\t<\/div>\n\t\t\t\t<div class=\"elementor-column elementor-col-66 elementor-top-column elementor-element elementor-element-b18f6fe\" data-id=\"b18f6fe\" data-element_type=\"column\">\n\t\t\t<div class=\"elementor-widget-wrap elementor-element-populated\">\n\t\t\t\t\t\t<div class=\"elementor-element elementor-element-f1b6ae7 elementor-widget elementor-widget-text-editor\" data-id=\"f1b6ae7\" data-element_type=\"widget\" data-widget_type=\"text-editor.default\">\n\t\t\t\t<div class=\"elementor-widget-container\">\n\t\t\t\t\t\t\t<h3>\u00a0<\/h3><h3>Le cahier 1 pour les enfants de 5 \u00e0 8 ans.<\/h3><p>Il contient les dessins \u00e0 colorier, de sorte que lorsque les enfants les colorieront, ils pourront remarquer et reconna\u00eetre les \u00e9l\u00e9ments qui forment et inspirent l&#8217;affiche. En outre, <span style=\"color: #00ccff;\"><strong>quelques activit\u00e9s les engagent individuellement et en groupe dans le but d&#8217;accro\u00eetre leur empathie et leur attention \u00e0 l&#8217;\u00e9gard des personnes de leur classe et de leur ville.<\/strong><\/span><\/p><p style=\"text-align: center;\"><a href=\"https:\/\/drive.google.com\/drive\/folders\/1zqBUCZz7Pxq7FmDA-tbKlGID3oCmU3Oc?usp=drive_link\" target=\"_blank\" rel=\"noopener\"><strong>T\u00e9l\u00e9charger le cahier 1<\/strong><\/a><\/p>\t\t\t\t\t\t<\/div>\n\t\t\t\t<\/div>\n\t\t\t\t\t<\/div>\n\t\t<\/div>\n\t\t\t\t\t<\/div>\n\t\t<\/section>\n\t\t\t\t<section class=\"elementor-section elementor-top-section elementor-element elementor-element-1a33464 elementor-section-boxed elementor-section-height-default elementor-section-height-default\" data-id=\"1a33464\" data-element_type=\"section\">\n\t\t\t\t\t\t<div class=\"elementor-container elementor-column-gap-default\">\n\t\t\t\t\t<div class=\"elementor-column elementor-col-66 elementor-top-column elementor-element elementor-element-a1532a6\" data-id=\"a1532a6\" data-element_type=\"column\">\n\t\t\t<div class=\"elementor-widget-wrap elementor-element-populated\">\n\t\t\t\t\t\t<div class=\"elementor-element elementor-element-003a02e elementor-widget elementor-widget-text-editor\" data-id=\"003a02e\" data-element_type=\"widget\" data-widget_type=\"text-editor.default\">\n\t\t\t\t<div class=\"elementor-widget-container\">\n\t\t\t\t\t\t\t<h3>\u00a0<\/h3><h3><strong>Le cahier 2, pour les adolescents et les jeunes. <\/strong><\/h3><p><strong><span style=\"color: #00ccff;\">Gr\u00e2ce \u00e0 la m\u00e9thodologie Design for Change, ils sont responsabilis\u00e9s dans chaque objectif<\/span> <\/strong>afin d&#8217;identifier une cible, de comprendre le probl\u00e8me ou le besoin d\u00e9tect\u00e9, de rechercher ensemble une solution possible et appropri\u00e9e, de la mettre en pratique et de la partager afin d&#8217;inspirer et de contaminer d&#8217;autres personnes. Ils contribuent ainsi \u00e0 changer leur vie et leur contexte dans le sens du but qu&#8217;ils poursuivent.<\/p><p style=\"text-align: center;\"><strong><a href=\"https:\/\/drive.google.com\/drive\/folders\/1P-y2a02_wVfxizLR6LinKk3JJDAmuQvo?usp=drive_link\" target=\"_blank\" rel=\"noopener\">T\u00e9l\u00e9charger le cahier 2<\/a><\/strong><\/p>\t\t\t\t\t\t<\/div>\n\t\t\t\t<\/div>\n\t\t\t\t\t<\/div>\n\t\t<\/div>\n\t\t\t\t<div class=\"elementor-column elementor-col-33 elementor-top-column elementor-element elementor-element-47e2f44\" data-id=\"47e2f44\" data-element_type=\"column\">\n\t\t\t<div class=\"elementor-widget-wrap elementor-element-populated\">\n\t\t\t\t\t\t<div class=\"elementor-element elementor-element-aaf4c14 elementor-widget elementor-widget-image\" data-id=\"aaf4c14\" data-element_type=\"widget\" data-widget_type=\"image.default\">\n\t\t\t\t<div class=\"elementor-widget-container\">\n\t\t\t\t\t\t\t\t\t\t\t\t\t<img loading=\"lazy\" decoding=\"async\" width=\"565\" height=\"800\" src=\"https:\/\/oiecinternational.com\/fr\/wp-content\/uploads\/sites\/3\/2024\/04\/Livret-7-OBJECTIFS-PEG-FR-livret-2_1-.png\" class=\"attachment-large size-large wp-image-7650\" alt=\"\" srcset=\"https:\/\/oiecinternational.com\/fr\/wp-content\/uploads\/sites\/3\/2024\/04\/Livret-7-OBJECTIFS-PEG-FR-livret-2_1-.png 565w, https:\/\/oiecinternational.com\/fr\/wp-content\/uploads\/sites\/3\/2024\/04\/Livret-7-OBJECTIFS-PEG-FR-livret-2_1--212x300.png 212w\" sizes=\"(max-width: 565px) 100vw, 565px\" \/>\t\t\t\t\t\t\t\t\t\t\t\t\t<\/div>\n\t\t\t\t<\/div>\n\t\t\t\t\t<\/div>\n\t\t<\/div>\n\t\t\t\t\t<\/div>\n\t\t<\/section>\n\t\t\t\t<\/div>\n\t\t","protected":false},"excerpt":{"rendered":"<p>Afin de continuer \u00e0 promouvoir la connaissance et l&#8217;expansion des objectifs propos\u00e9s par le Pape Fran\u00e7ois pour parvenir \u00e0 un Pacte mondial pour l&#8217;\u00e9ducation, des affiches ont \u00e9t\u00e9 con\u00e7ues avec des illustrations qui nous aident \u00e0 conna\u00eetre, comprendre et approfondir la signification, le sens et la port\u00e9e de ces objectifs. L&#8217;objectif est d&#8217;atteindre tous les \u00e2ges, des plus jeunes aux&#8230;<\/p>\n","protected":false},"author":3,"featured_media":0,"parent":4466,"menu_order":4,"comment_status":"closed","ping_status":"closed","template":"","meta":{"_eb_attr":"","footnotes":""},"class_list":["post-7646","page","type-page","status-publish","hentry"],"_links":{"self":[{"href":"https:\/\/oiecinternational.com\/fr\/wp-json\/wp\/v2\/pages\/7646"}],"collection":[{"href":"https:\/\/oiecinternational.com\/fr\/wp-json\/wp\/v2\/pages"}],"about":[{"href":"https:\/\/oiecinternational.com\/fr\/wp-json\/wp\/v2\/types\/page"}],"author":[{"embeddable":true,"href":"https:\/\/oiecinternational.com\/fr\/wp-json\/wp\/v2\/users\/3"}],"replies":[{"embeddable":true,"href":"https:\/\/oiecinternational.com\/fr\/wp-json\/wp\/v2\/comments?post=7646"}],"version-history":[{"count":0,"href":"https:\/\/oiecinternational.com\/fr\/wp-json\/wp\/v2\/pages\/7646\/revisions"}],"up":[{"embeddable":true,"href":"https:\/\/oiecinternational.com\/fr\/wp-json\/wp\/v2\/pages\/4466"}],"wp:attachment":[{"href":"https:\/\/oiecinternational.com\/fr\/wp-json\/wp\/v2\/media?parent=7646"}],"curies":[{"name":"wp","href":"https:\/\/api.w.org\/{rel}","templated":true}]}}