{"id":8200,"date":"2025-06-11T15:52:09","date_gmt":"2025-06-11T13:52:09","guid":{"rendered":"https:\/\/oiecinternational.com\/fr\/?page_id=8200"},"modified":"2025-06-11T16:03:35","modified_gmt":"2025-06-11T14:03:35","slug":"bice-oiec-fr","status":"publish","type":"page","link":"https:\/\/oiecinternational.com\/fr\/bice-oiec-fr\/","title":{"rendered":"BICE OIEC fr"},"content":{"rendered":"\t\t<div data-elementor-type=\"wp-page\" data-elementor-id=\"8200\" class=\"elementor elementor-8200\">\n\t\t\t\t\t\t<section class=\"elementor-section elementor-top-section elementor-element elementor-element-64bb890 elementor-section-boxed elementor-section-height-default elementor-section-height-default\" data-id=\"64bb890\" data-element_type=\"section\">\n\t\t\t\t\t\t<div class=\"elementor-container elementor-column-gap-default\">\n\t\t\t\t\t<div class=\"elementor-column elementor-col-100 elementor-top-column elementor-element elementor-element-d349cf9\" data-id=\"d349cf9\" data-element_type=\"column\">\n\t\t\t<div class=\"elementor-widget-wrap elementor-element-populated\">\n\t\t\t\t\t\t<div class=\"elementor-element elementor-element-9fb9a65 elementor-widget elementor-widget-icon-box\" data-id=\"9fb9a65\" data-element_type=\"widget\" data-widget_type=\"icon-box.default\">\n\t\t\t\t<div class=\"elementor-widget-container\">\n\t\t\t\t\t<div class=\"elementor-icon-box-wrapper\">\n\n\t\t\t\n\t\t\t\t\t\t<div class=\"elementor-icon-box-content\">\n\n\t\t\t\t\t\t\t\t\t<h4 class=\"elementor-icon-box-title\">\n\t\t\t\t\t\t<span  >\n\t\t\t\t\t\t\tPape Fran\u00e7ois \u2013 Fratelli tutti \u00a7282\t\t\t\t\t\t<\/span>\n\t\t\t\t\t<\/h4>\n\t\t\t\t\n\t\t\t\t\t\t\t\t\t<p class=\"elementor-icon-box-description\">\n\t\t\t\t\t\t\u00ab Les croyants ont besoin de trouver des espaces o\u00f9 discuter et agir ensemble pour le bien commun et la promotion des plus pauvres. \u00bb\t\t\t\t\t<\/p>\n\t\t\t\t\n\t\t\t<\/div>\n\t\t\t\n\t\t<\/div>\n\t\t\t\t<\/div>\n\t\t\t\t<\/div>\n\t\t\t\t\t<\/div>\n\t\t<\/div>\n\t\t\t\t\t<\/div>\n\t\t<\/section>\n\t\t\t\t<section class=\"elementor-section elementor-top-section elementor-element elementor-element-0f28901 elementor-section-boxed elementor-section-height-default elementor-section-height-default\" data-id=\"0f28901\" data-element_type=\"section\">\n\t\t\t\t\t\t<div class=\"elementor-container elementor-column-gap-default\">\n\t\t\t\t\t<div class=\"elementor-column elementor-col-100 elementor-top-column elementor-element elementor-element-29c5e77\" data-id=\"29c5e77\" data-element_type=\"column\">\n\t\t\t<div class=\"elementor-widget-wrap elementor-element-populated\">\n\t\t\t\t\t\t<div class=\"elementor-element elementor-element-fb6815b elementor-widget elementor-widget-text-editor\" data-id=\"fb6815b\" data-element_type=\"widget\" data-widget_type=\"text-editor.default\">\n\t\t\t\t<div class=\"elementor-widget-container\">\n\t\t\t\t\t\t\t<h3><strong>UNISSONS NOS FORCES POUR LES ENFANTS<\/strong><\/h3><p>L\u2019<strong>OIEC<\/strong> et le <strong>Bureau International Catholique de l\u2019Enfance (BICE)<\/strong> unissent leurs forces pour les enfants du monde entier ! <img decoding=\"async\" class=\"emoji\" role=\"img\" draggable=\"false\" src=\"https:\/\/s.w.org\/images\/core\/emoji\/15.0.3\/svg\/1f64c.svg\" alt=\"\ud83d\ude4c\" \/><\/p><h4><img decoding=\"async\" class=\"emoji\" role=\"img\" draggable=\"false\" src=\"https:\/\/s.w.org\/images\/core\/emoji\/15.0.3\/svg\/1f3af.svg\" alt=\"\ud83c\udfaf\" \/> <strong>Deux propositions concr\u00e8tes pour nos \u00e9tablissements :<\/strong><\/h4><p><img decoding=\"async\" class=\"emoji\" role=\"img\" draggable=\"false\" src=\"https:\/\/s.w.org\/images\/core\/emoji\/15.0.3\/svg\/2705.svg\" alt=\"\u2705\" \/> <strong>Soutenir un projet de terrain<\/strong> : En permettant \u00e0 vos \u00e9tablissements de financer des actions concr\u00e8tes au service des enfants les plus vuln\u00e9rables : acc\u00e8s \u00e0 l\u2019\u00e9ducation, protection contre les violences, accompagnement psychologique&#8230; Chaque projet est suivi avec rigueur et transparence.<\/p><p><img decoding=\"async\" class=\"emoji\" role=\"img\" draggable=\"false\" src=\"https:\/\/s.w.org\/images\/core\/emoji\/15.0.3\/svg\/2705.svg\" alt=\"\u2705\" \/> <strong>Renforcer les synergies locales<\/strong> : Si votre pays est partenaire du BICE, entrez en relation avec le membre local pour partager exp\u00e9riences, bonnes pratiques et construire ensemble des initiatives \u00e9ducatives solidaires.<\/p><p><img decoding=\"async\" class=\"emoji\" role=\"img\" draggable=\"false\" src=\"https:\/\/s.w.org\/images\/core\/emoji\/15.0.3\/svg\/1f331.svg\" alt=\"\ud83c\udf31\" \/> Ensemble, faisons grandir une solidarit\u00e9 vivante, expression de notre foi et de notre esp\u00e9rance !<\/p><p><img decoding=\"async\" class=\"emoji\" role=\"img\" draggable=\"false\" src=\"https:\/\/s.w.org\/images\/core\/emoji\/15.0.3\/svg\/1f449.svg\" alt=\"\ud83d\udc49\" \/> D\u00e9couvrez les projets en attente de soutien : <a href=\"https:\/\/bice.org\/fr\/solidariteoiec-projetsbice\/\">https:\/\/bice.org\/fr\/solidariteoiec-projetsbice\/<\/a><br \/><img decoding=\"async\" class=\"emoji\" role=\"img\" draggable=\"false\" src=\"https:\/\/s.w.org\/images\/core\/emoji\/15.0.3\/svg\/1f449.svg\" alt=\"\ud83d\udc49\" \/> D\u00e9couvrez les partenaires locaux du BICE : <a href=\"https:\/\/bice.org\/fr\/oiec-bice-liste-des-partenaires-du-bice\/\">https:\/\/bice.org\/fr\/oiec-bice-liste-des-partenaires-du-bice\/<\/a><\/p><p><img decoding=\"async\" class=\"emoji\" role=\"img\" draggable=\"false\" src=\"https:\/\/s.w.org\/images\/core\/emoji\/15.0.3\/svg\/1f5a5.svg\" alt=\"\ud83d\udda5\" \/> Plus d\u2019informations sur : <a href=\"http:\/\/www.oiecinternational.com\">www.oiecinternational.com<\/a> | <a href=\"http:\/\/www.bice.org\">www.bice.org<\/a><\/p>\t\t\t\t\t\t<\/div>\n\t\t\t\t<\/div>\n\t\t\t\t\t<\/div>\n\t\t<\/div>\n\t\t\t\t\t<\/div>\n\t\t<\/section>\n\t\t\t\t<section class=\"elementor-section elementor-top-section elementor-element elementor-element-e6afa5c elementor-section-boxed elementor-section-height-default elementor-section-height-default\" data-id=\"e6afa5c\" data-element_type=\"section\">\n\t\t\t\t\t\t<div class=\"elementor-container elementor-column-gap-default\">\n\t\t\t\t\t<div class=\"elementor-column elementor-col-100 elementor-top-column elementor-element elementor-element-0479043\" data-id=\"0479043\" data-element_type=\"column\">\n\t\t\t<div class=\"elementor-widget-wrap elementor-element-populated\">\n\t\t\t\t\t\t<div class=\"elementor-element elementor-element-d6194a6 elementor-widget elementor-widget-image\" data-id=\"d6194a6\" data-element_type=\"widget\" data-widget_type=\"image.default\">\n\t\t\t\t<div class=\"elementor-widget-container\">\n\t\t\t\t\t\t\t\t\t\t\t\t\t<img fetchpriority=\"high\" decoding=\"async\" width=\"2560\" height=\"794\" src=\"https:\/\/oiecinternational.com\/fr\/wp-content\/uploads\/sites\/3\/2025\/06\/AdobeStock_453531390-scaled-1.jpeg\" class=\"attachment-full size-full wp-image-8202\" alt=\"\" srcset=\"https:\/\/oiecinternational.com\/fr\/wp-content\/uploads\/sites\/3\/2025\/06\/AdobeStock_453531390-scaled-1.jpeg 2560w, https:\/\/oiecinternational.com\/fr\/wp-content\/uploads\/sites\/3\/2025\/06\/AdobeStock_453531390-scaled-1-300x93.jpeg 300w, https:\/\/oiecinternational.com\/fr\/wp-content\/uploads\/sites\/3\/2025\/06\/AdobeStock_453531390-scaled-1-1024x318.jpeg 1024w, https:\/\/oiecinternational.com\/fr\/wp-content\/uploads\/sites\/3\/2025\/06\/AdobeStock_453531390-scaled-1-768x238.jpeg 768w, https:\/\/oiecinternational.com\/fr\/wp-content\/uploads\/sites\/3\/2025\/06\/AdobeStock_453531390-scaled-1-1536x476.jpeg 1536w, https:\/\/oiecinternational.com\/fr\/wp-content\/uploads\/sites\/3\/2025\/06\/AdobeStock_453531390-scaled-1-2048x635.jpeg 2048w\" sizes=\"(max-width: 2560px) 100vw, 2560px\" \/>\t\t\t\t\t\t\t\t\t\t\t\t\t<\/div>\n\t\t\t\t<\/div>\n\t\t\t\t\t<\/div>\n\t\t<\/div>\n\t\t\t\t\t<\/div>\n\t\t<\/section>\n\t\t\t\t<\/div>\n\t\t","protected":false},"excerpt":{"rendered":"<p>Pape Fran\u00e7ois \u2013 Fratelli tutti \u00a7282 \u00ab Les croyants ont besoin de trouver des espaces o\u00f9 discuter et agir ensemble pour le bien commun et la promotion des plus pauvres. \u00bb UNISSONS NOS FORCES POUR LES ENFANTS L\u2019OIEC et le Bureau International Catholique de l\u2019Enfance (BICE) unissent leurs forces pour les enfants du monde entier ! Deux propositions concr\u00e8tes pour&#8230;<\/p>\n","protected":false},"author":3,"featured_media":0,"parent":0,"menu_order":0,"comment_status":"closed","ping_status":"closed","template":"","meta":{"_eb_attr":"","footnotes":""},"class_list":["post-8200","page","type-page","status-publish","hentry"],"_links":{"self":[{"href":"https:\/\/oiecinternational.com\/fr\/wp-json\/wp\/v2\/pages\/8200"}],"collection":[{"href":"https:\/\/oiecinternational.com\/fr\/wp-json\/wp\/v2\/pages"}],"about":[{"href":"https:\/\/oiecinternational.com\/fr\/wp-json\/wp\/v2\/types\/page"}],"author":[{"embeddable":true,"href":"https:\/\/oiecinternational.com\/fr\/wp-json\/wp\/v2\/users\/3"}],"replies":[{"embeddable":true,"href":"https:\/\/oiecinternational.com\/fr\/wp-json\/wp\/v2\/comments?post=8200"}],"version-history":[{"count":4,"href":"https:\/\/oiecinternational.com\/fr\/wp-json\/wp\/v2\/pages\/8200\/revisions"}],"predecessor-version":[{"id":8205,"href":"https:\/\/oiecinternational.com\/fr\/wp-json\/wp\/v2\/pages\/8200\/revisions\/8205"}],"wp:attachment":[{"href":"https:\/\/oiecinternational.com\/fr\/wp-json\/wp\/v2\/media?parent=8200"}],"curies":[{"name":"wp","href":"https:\/\/api.w.org\/{rel}","templated":true}]}}