{"id":8232,"date":"2025-06-18T06:49:19","date_gmt":"2025-06-18T04:49:19","guid":{"rendered":"https:\/\/oiecinternational.com\/fr\/?page_id=8232"},"modified":"2025-09-03T14:41:27","modified_gmt":"2025-09-03T12:41:27","slug":"ia","status":"publish","type":"page","link":"https:\/\/oiecinternational.com\/fr\/ia\/","title":{"rendered":"IA"},"content":{"rendered":"\t\t<div data-elementor-type=\"wp-page\" data-elementor-id=\"8232\" class=\"elementor elementor-8232\">\n\t\t\t\t\t\t<section class=\"elementor-section elementor-top-section elementor-element elementor-element-c574fc5 elementor-section-boxed elementor-section-height-default elementor-section-height-default\" data-id=\"c574fc5\" data-element_type=\"section\">\n\t\t\t\t\t\t<div class=\"elementor-container elementor-column-gap-default\">\n\t\t\t\t\t<div class=\"elementor-column elementor-col-100 elementor-top-column elementor-element elementor-element-916f506\" data-id=\"916f506\" data-element_type=\"column\">\n\t\t\t<div class=\"elementor-widget-wrap elementor-element-populated\">\n\t\t\t\t\t\t<div class=\"elementor-element elementor-element-b5c4634 elementor-widget elementor-widget-image\" data-id=\"b5c4634\" data-element_type=\"widget\" data-widget_type=\"image.default\">\n\t\t\t\t<div class=\"elementor-widget-container\">\n\t\t\t\t\t\t\t\t\t\t\t\t\t<img fetchpriority=\"high\" decoding=\"async\" width=\"640\" height=\"424\" src=\"https:\/\/oiecinternational.com\/fr\/wp-content\/uploads\/sites\/3\/2025\/06\/ens-catho-5.0-fr-1024x678.png\" class=\"attachment-large size-large wp-image-8236\" alt=\"\" srcset=\"https:\/\/oiecinternational.com\/fr\/wp-content\/uploads\/sites\/3\/2025\/06\/ens-catho-5.0-fr-1024x678.png 1024w, https:\/\/oiecinternational.com\/fr\/wp-content\/uploads\/sites\/3\/2025\/06\/ens-catho-5.0-fr-300x199.png 300w, https:\/\/oiecinternational.com\/fr\/wp-content\/uploads\/sites\/3\/2025\/06\/ens-catho-5.0-fr-768x509.png 768w, https:\/\/oiecinternational.com\/fr\/wp-content\/uploads\/sites\/3\/2025\/06\/ens-catho-5.0-fr-1536x1018.png 1536w, https:\/\/oiecinternational.com\/fr\/wp-content\/uploads\/sites\/3\/2025\/06\/ens-catho-5.0-fr-2048x1357.png 2048w\" sizes=\"(max-width: 640px) 100vw, 640px\" \/>\t\t\t\t\t\t\t\t\t\t\t\t\t<\/div>\n\t\t\t\t<\/div>\n\t\t\t\t\t<\/div>\n\t\t<\/div>\n\t\t\t\t\t<\/div>\n\t\t<\/section>\n\t\t\t\t<section class=\"elementor-section elementor-top-section elementor-element elementor-element-547d93e elementor-section-boxed elementor-section-height-default elementor-section-height-default\" data-id=\"547d93e\" data-element_type=\"section\">\n\t\t\t\t\t\t<div class=\"elementor-container elementor-column-gap-default\">\n\t\t\t\t\t<div class=\"elementor-column elementor-col-100 elementor-top-column elementor-element elementor-element-87637bc\" data-id=\"87637bc\" data-element_type=\"column\">\n\t\t\t<div class=\"elementor-widget-wrap elementor-element-populated\">\n\t\t\t\t\t\t<div class=\"elementor-element elementor-element-ecb43e4 elementor-widget elementor-widget-text-editor\" data-id=\"ecb43e4\" data-element_type=\"widget\" data-widget_type=\"text-editor.default\">\n\t\t\t\t<div class=\"elementor-widget-container\">\n\t\t\t\t\t\t\t<p style=\"text-align: center;\"><span style=\"color: #3366ff;\"><strong><a style=\"color: #3366ff;\" href=\"https:\/\/oiecinternational.com\/ai\/\">English<\/a><\/strong> &#8211; Fran\u00e7ais &#8211; <\/span><a href=\"https:\/\/oiecinternational.com\/es\/ia\/\"><strong><span style=\"color: #3366ff;\">Espa\u00f1ol<\/span><\/strong><\/a><\/p>\t\t\t\t\t\t<\/div>\n\t\t\t\t<\/div>\n\t\t\t\t\t<\/div>\n\t\t<\/div>\n\t\t\t\t\t<\/div>\n\t\t<\/section>\n\t\t\t\t<section class=\"elementor-section elementor-top-section elementor-element elementor-element-4ddbc91 elementor-section-boxed elementor-section-height-default elementor-section-height-default\" data-id=\"4ddbc91\" data-element_type=\"section\">\n\t\t\t\t\t\t<div class=\"elementor-container elementor-column-gap-default\">\n\t\t\t\t\t<div class=\"elementor-column elementor-col-100 elementor-top-column elementor-element elementor-element-dacb198\" data-id=\"dacb198\" data-element_type=\"column\">\n\t\t\t<div class=\"elementor-widget-wrap elementor-element-populated\">\n\t\t\t\t\t\t<div class=\"elementor-element elementor-element-7c54d60 elementor-widget elementor-widget-text-editor\" data-id=\"7c54d60\" data-element_type=\"widget\" data-widget_type=\"text-editor.default\">\n\t\t\t\t<div class=\"elementor-widget-container\">\n\t\t\t\t\t\t\t<h3 style=\"text-align: center;\"><strong>R\u00c9IMAGINER ET TRANSFORMER L&#8217;ENSEIGNEMENT <br \/>DANS L&#8217;\u00c8RE DE L&#8217;INTELLIGENCE ARTIFICIELLE<\/strong><\/h3><h4><span style=\"color: #333399;\"><strong>L\u2019OIEC lance un projet de transformation num\u00e9rique pour l&#8217;enseignement catholique<\/strong><\/span><\/h4><h4><strong>Pacte \u00c9ducatif Global et technologie au service de la mission:<\/strong><\/h4><p><strong>L&#8217;enseignement catholique<\/strong> traversa une p\u00e9riode d\u00e9cisive, confront\u00e9 au d\u00e9fi <strong>d\u2019\u00e9voluer et de s\u2019adapter <\/strong>aux exigences du XXIe si\u00e8cle sans perdre son identit\u00e9 et sa mission. En r\u00e9ponse \u00e0 cette n\u00e9cessit\u00e9, <strong>l\u2019OIEC <\/strong>lance un ambitieux <strong>projet de transformation num\u00e9rique<\/strong>, int\u00e9grant des <strong>solutions \u00e9ducatives avanc\u00e9es bas\u00e9es sur l\u2019intelligence artificielle<\/strong> et ouvert <strong>\u00e0 toutes les \u00e9coles catholiques<\/strong> qui souhaitent y adh\u00e9rer.<\/p><p>Cette initiative est pleinement align\u00e9e avec les valeurs du <strong>Pacte \u00c9ducatif Global<\/strong>, promu par le <strong>Pape Fran\u00e7ois<\/strong>, et vise \u00e0 renouveler l\u2019\u00e9ducation selon une approche humaniste, inclusive et centr\u00e9e sur la personne. Son objectif est de garantir que <strong>l\u2019innovation technologique<\/strong> reste toujours <strong>au service du d\u00e9veloppement int\u00e9gral des \u00e9l\u00e8ves<\/strong> et de la <strong>mission \u00e9vang\u00e9lisatrice<\/strong>.<\/p><p>Retrouvez l&#8217;int\u00e9gralit\u00e9 de ce projet <a href=\"https:\/\/drive.google.com\/file\/d\/1Gq0jz72JkcySoflAp7O1aGDMWRYdSD21\/view?usp=sharing\">ici<\/a>.<\/p><blockquote><p><span style=\"color: #333399;\"><strong>Afin d\u2019accompagner la transformation \u00e9ducative \u00e0 l\u2019\u00e8re du num\u00e9rique, l\u2019OIEC a publi\u00e9 deux ouvrages compl\u00e9mentaires : <span style=\"color: #ff9900;\"><em data-start=\"181\" data-end=\"210\">Enseignement catholique 5.0<\/em><\/span>, destin\u00e9 aux membres des \u00e9quipes \u00e9ducatives, et <span style=\"color: #ff9900;\"><em data-start=\"259\" data-end=\"361\">L\u2019IA et les jeunes \u00e0 l\u2019\u00e9cole : Comprendre, R\u00e9fl\u00e9chir, Utiliser et Agir avec le Pacte \u00c9ducatif Global<\/em><\/span>, un guide p\u00e9dagogique \u00e0 destination des jeunes.<\/strong><\/span><\/p><\/blockquote>\t\t\t\t\t\t<\/div>\n\t\t\t\t<\/div>\n\t\t\t\t\t<\/div>\n\t\t<\/div>\n\t\t\t\t\t<\/div>\n\t\t<\/section>\n\t\t\t\t<section class=\"elementor-section elementor-top-section elementor-element elementor-element-3a9ae66 elementor-section-boxed elementor-section-height-default elementor-section-height-default\" data-id=\"3a9ae66\" data-element_type=\"section\">\n\t\t\t\t\t\t<div class=\"elementor-container elementor-column-gap-default\">\n\t\t\t\t\t<div class=\"elementor-column elementor-col-50 elementor-top-column elementor-element elementor-element-c395f8b\" data-id=\"c395f8b\" data-element_type=\"column\">\n\t\t\t<div class=\"elementor-widget-wrap elementor-element-populated\">\n\t\t\t\t\t\t<div class=\"elementor-element elementor-element-ab707b5 elementor-widget elementor-widget-text-editor\" data-id=\"ab707b5\" data-element_type=\"widget\" data-widget_type=\"text-editor.default\">\n\t\t\t\t<div class=\"elementor-widget-container\">\n\t\t\t\t\t\t\t<h3 data-start=\"116\" data-end=\"154\"><span style=\"color: #ff9900;\"><strong>Enseignement Catholique 5.0<\/strong><\/span><\/h3><p data-start=\"155\" data-end=\"242\"><span style=\"color: #333399;\"><strong data-start=\"155\" data-end=\"242\">Placer l&#8217;humain au c\u0153ur de l&#8217;innovation technologique avec le Pacte \u00c9ducatif Global<\/strong><\/span><\/p><p data-start=\"244\" data-end=\"618\">\u00c0 l\u2019heure o\u00f9 l\u2019intelligence artificielle transforme nos soci\u00e9t\u00e9s, ce livre propose une vision audacieuse et profond\u00e9ment humaniste de l\u2019\u00e9cole catholique de demain. <em data-start=\"408\" data-end=\"437\">Enseignement Catholique 5.0<\/em> invite chaque \u00e9ducateur \u00e0 une v\u00e9ritable conversion \u00e9ducative, en conciliant tradition et innovation, technologie et discernement, efficacit\u00e9 p\u00e9dagogique et attention \u00e0 la personne.<\/p><p data-start=\"620\" data-end=\"964\">Structur\u00e9 autour des grands axes du Pacte \u00c9ducatif Global du pape Fran\u00e7ois, l\u2019ouvrage offre des rep\u00e8res clairs et des pistes concr\u00e8tes pour int\u00e9grer l\u2019IA dans l\u2019\u00e9ducation sans en trahir les valeurs : inclusion, \u00e9thique, protection des donn\u00e9es, personnalisation des apprentissages, nouvelles formes d\u2019\u00e9valuation, formation aux m\u00e9tiers de demain\u2026<\/p><p data-start=\"966\" data-end=\"1120\">Un guide indispensable pour repenser l\u2019enseignement catholique \u00e0 l\u2019\u00e8re num\u00e9rique, au service d\u2019une \u00e9ducation plus juste, plus solidaire, plus fraternelle.<\/p>\t\t\t\t\t\t<\/div>\n\t\t\t\t<\/div>\n\t\t\t\t\t<\/div>\n\t\t<\/div>\n\t\t\t\t<div class=\"elementor-column elementor-col-50 elementor-top-column elementor-element elementor-element-82b78a7\" data-id=\"82b78a7\" data-element_type=\"column\">\n\t\t\t<div class=\"elementor-widget-wrap elementor-element-populated\">\n\t\t\t\t\t\t<div class=\"elementor-element elementor-element-58ba845 elementor-widget elementor-widget-image\" data-id=\"58ba845\" data-element_type=\"widget\" data-widget_type=\"image.default\">\n\t\t\t\t<div class=\"elementor-widget-container\">\n\t\t\t\t\t\t\t\t\t\t\t\t\t<img decoding=\"async\" width=\"640\" height=\"905\" src=\"https:\/\/oiecinternational.com\/fr\/wp-content\/uploads\/sites\/3\/2025\/06\/Livre-ENSEIGNEMENT-CATHOLIQUE-5.0-724x1024.png\" class=\"attachment-large size-large wp-image-8237\" alt=\"\" srcset=\"https:\/\/oiecinternational.com\/fr\/wp-content\/uploads\/sites\/3\/2025\/06\/Livre-ENSEIGNEMENT-CATHOLIQUE-5.0-724x1024.png 724w, https:\/\/oiecinternational.com\/fr\/wp-content\/uploads\/sites\/3\/2025\/06\/Livre-ENSEIGNEMENT-CATHOLIQUE-5.0-212x300.png 212w, https:\/\/oiecinternational.com\/fr\/wp-content\/uploads\/sites\/3\/2025\/06\/Livre-ENSEIGNEMENT-CATHOLIQUE-5.0-768x1086.png 768w, https:\/\/oiecinternational.com\/fr\/wp-content\/uploads\/sites\/3\/2025\/06\/Livre-ENSEIGNEMENT-CATHOLIQUE-5.0-1086x1536.png 1086w, https:\/\/oiecinternational.com\/fr\/wp-content\/uploads\/sites\/3\/2025\/06\/Livre-ENSEIGNEMENT-CATHOLIQUE-5.0-1448x2048.png 1448w\" sizes=\"(max-width: 640px) 100vw, 640px\" \/>\t\t\t\t\t\t\t\t\t\t\t\t\t<\/div>\n\t\t\t\t<\/div>\n\t\t\t\t<div class=\"elementor-element elementor-element-2cafb51 elementor-widget elementor-widget-text-editor\" data-id=\"2cafb51\" data-element_type=\"widget\" data-widget_type=\"text-editor.default\">\n\t\t\t\t<div class=\"elementor-widget-container\">\n\t\t\t\t\t\t\t<h5 style=\"text-align: center;\">T\u00e9l\u00e9charger ce livre en <br \/><a href=\"https:\/\/drive.google.com\/file\/d\/1-ONxyICUjCSthrmNX9-WwuTfCDuaQPE7\/view?usp=sharing\">fran\u00e7ais<\/a>, <a href=\"https:\/\/drive.google.com\/file\/d\/1diVBIlJl3vhsgouBa0HVdF083uqLgaUj\/view?usp=sharing\">anglais<\/a>, <a href=\"https:\/\/drive.google.com\/file\/d\/1Wp2jRDnMOOuVgJ3SRqNkvuocTGKfI19m\/view?usp=sharing\">espagnol<\/a>, <a href=\"https:\/\/drive.google.com\/file\/d\/1_MH1iQ7D52_DUZwOPl0cIYNhDyA9Xg5e\/view?usp=sharing\">italien<\/a><\/h5>\t\t\t\t\t\t<\/div>\n\t\t\t\t<\/div>\n\t\t\t\t\t<\/div>\n\t\t<\/div>\n\t\t\t\t\t<\/div>\n\t\t<\/section>\n\t\t\t\t<section class=\"elementor-section elementor-top-section elementor-element elementor-element-44e185c elementor-section-boxed elementor-section-height-default elementor-section-height-default\" data-id=\"44e185c\" data-element_type=\"section\">\n\t\t\t\t\t\t<div class=\"elementor-container elementor-column-gap-default\">\n\t\t\t\t\t<div class=\"elementor-column elementor-col-50 elementor-top-column elementor-element elementor-element-a081d73\" data-id=\"a081d73\" data-element_type=\"column\">\n\t\t\t<div class=\"elementor-widget-wrap elementor-element-populated\">\n\t\t\t\t\t\t<div class=\"elementor-element elementor-element-411bcbf elementor-widget elementor-widget-image\" data-id=\"411bcbf\" data-element_type=\"widget\" data-widget_type=\"image.default\">\n\t\t\t\t<div class=\"elementor-widget-container\">\n\t\t\t\t\t\t\t\t\t\t\t\t\t<img decoding=\"async\" width=\"640\" height=\"905\" src=\"https:\/\/oiecinternational.com\/fr\/wp-content\/uploads\/sites\/3\/2025\/06\/livre-IA-jeunes-FR-724x1024.png\" class=\"attachment-large size-large wp-image-8242\" alt=\"\" srcset=\"https:\/\/oiecinternational.com\/fr\/wp-content\/uploads\/sites\/3\/2025\/06\/livre-IA-jeunes-FR-724x1024.png 724w, https:\/\/oiecinternational.com\/fr\/wp-content\/uploads\/sites\/3\/2025\/06\/livre-IA-jeunes-FR-212x300.png 212w, https:\/\/oiecinternational.com\/fr\/wp-content\/uploads\/sites\/3\/2025\/06\/livre-IA-jeunes-FR-768x1086.png 768w, https:\/\/oiecinternational.com\/fr\/wp-content\/uploads\/sites\/3\/2025\/06\/livre-IA-jeunes-FR-1086x1536.png 1086w, https:\/\/oiecinternational.com\/fr\/wp-content\/uploads\/sites\/3\/2025\/06\/livre-IA-jeunes-FR-1448x2048.png 1448w\" sizes=\"(max-width: 640px) 100vw, 640px\" \/>\t\t\t\t\t\t\t\t\t\t\t\t\t<\/div>\n\t\t\t\t<\/div>\n\t\t\t\t<div class=\"elementor-element elementor-element-6b65d1e elementor-widget elementor-widget-text-editor\" data-id=\"6b65d1e\" data-element_type=\"widget\" data-widget_type=\"text-editor.default\">\n\t\t\t\t<div class=\"elementor-widget-container\">\n\t\t\t\t\t\t\t<h5 style=\"text-align: center;\">T\u00e9l\u00e9charger ce livre en<br \/><a href=\"https:\/\/drive.google.com\/file\/d\/1cfIr3Qf46rRXy74E2sExS9yR8kzgIEXl\/view?usp=drive_link\">fran\u00e7ais<\/a>,\u00a0<a href=\"https:\/\/drive.google.com\/file\/d\/1QA-lPmG6qZdMGg6PR7bIvJPVyXFhMG6_\/view?usp=drive_link\">anglais<\/a>,\u00a0<a href=\"https:\/\/drive.google.com\/file\/d\/1WBNrDU6vQSgVyCeVFqeUIhYRBiT7-86K\/view?usp=drive_link\">espagnol<\/a><\/h5><p>.<\/p>\t\t\t\t\t\t<\/div>\n\t\t\t\t<\/div>\n\t\t\t\t\t<\/div>\n\t\t<\/div>\n\t\t\t\t<div class=\"elementor-column elementor-col-50 elementor-top-column elementor-element elementor-element-ede5158\" data-id=\"ede5158\" data-element_type=\"column\">\n\t\t\t<div class=\"elementor-widget-wrap elementor-element-populated\">\n\t\t\t\t\t\t<div class=\"elementor-element elementor-element-a804609 elementor-widget elementor-widget-text-editor\" data-id=\"a804609\" data-element_type=\"widget\" data-widget_type=\"text-editor.default\">\n\t\t\t\t<div class=\"elementor-widget-container\">\n\t\t\t\t\t\t\t<h3 data-start=\"193\" data-end=\"232\"><span style=\"color: #ff9900;\"><em data-start=\"200\" data-end=\"230\">L\u2019IA et les jeunes \u00e0 l\u2019\u00e9cole<\/em><\/span><\/h3><p data-start=\"233\" data-end=\"306\"><span style=\"color: #333399;\"><strong data-start=\"233\" data-end=\"306\">Comprendre, R\u00e9fl\u00e9chir, Utiliser et Agir avec le Pacte \u00c9ducatif Global<\/strong><\/span><\/p><p data-start=\"308\" data-end=\"664\">Comment les jeunes peuvent-ils grandir dans un monde o\u00f9 l\u2019intelligence artificielle transforme les apprentissages, les m\u00e9tiers, les relations humaines ? Ce livre, publi\u00e9 par l\u2019OIEC, s\u2019adresse directement aux adolescents pour les aider \u00e0 mieux comprendre l\u2019IA, \u00e0 s\u2019interroger sur ses enjeux, \u00e0 d\u00e9velopper un usage responsable et cr\u00e9atif de ces technologies.<\/p><p data-start=\"666\" data-end=\"744\">Structur\u00e9 en chapitres courts, p\u00e9dagogiques et accessibles, l\u2019ouvrage aborde :<\/p><ul data-start=\"745\" data-end=\"1105\"><li data-start=\"745\" data-end=\"795\"><p data-start=\"747\" data-end=\"795\">Les grandes d\u00e9finitions et l\u2019histoire de l\u2019IA,<\/p><\/li><li data-start=\"796\" data-end=\"871\"><p data-start=\"798\" data-end=\"871\">Ses impacts sur la vie quotidienne, l\u2019\u00e9cole, le travail, les relations,<\/p><\/li><li data-start=\"872\" data-end=\"940\"><p data-start=\"874\" data-end=\"940\">Les d\u00e9fis \u00e9thiques, sociaux et environnementaux qu\u2019elle soul\u00e8ve,<\/p><\/li><li data-start=\"941\" data-end=\"1014\"><p data-start=\"943\" data-end=\"1014\">Les outils concrets pour apprendre \u00e0 utiliser l\u2019IA avec discernement,<\/p><\/li><li data-start=\"1015\" data-end=\"1105\"><p data-start=\"1017\" data-end=\"1105\">Et les pistes pour s\u2019engager dans la construction d\u2019un avenir plus juste et plus humain.<\/p><\/li><\/ul><p data-start=\"1107\" data-end=\"1334\">Ancr\u00e9 dans l\u2019esprit du Pacte \u00c9ducatif Global du pape Fran\u00e7ois, ce livre donne aux jeunes des cl\u00e9s de compr\u00e9hension, mais surtout une boussole : celle d\u2019une intelligence au service de la fraternit\u00e9, du bien commun et de la paix.<\/p>\t\t\t\t\t\t<\/div>\n\t\t\t\t<\/div>\n\t\t\t\t\t<\/div>\n\t\t<\/div>\n\t\t\t\t\t<\/div>\n\t\t<\/section>\n\t\t\t\t<section class=\"elementor-section elementor-top-section elementor-element elementor-element-9f55a3d elementor-section-boxed elementor-section-height-default elementor-section-height-default\" data-id=\"9f55a3d\" data-element_type=\"section\">\n\t\t\t\t\t\t<div class=\"elementor-container elementor-column-gap-default\">\n\t\t\t\t\t<div class=\"elementor-column elementor-col-100 elementor-top-column elementor-element elementor-element-b94c4aa\" data-id=\"b94c4aa\" data-element_type=\"column\">\n\t\t\t<div class=\"elementor-widget-wrap elementor-element-populated\">\n\t\t\t\t\t\t<div class=\"elementor-element elementor-element-78b5aeb elementor-widget elementor-widget-text-editor\" data-id=\"78b5aeb\" data-element_type=\"widget\" data-widget_type=\"text-editor.default\">\n\t\t\t\t<div class=\"elementor-widget-container\">\n\t\t\t\t\t\t\t<h3>Alliance strat\u00e9gique entre l\u2019OIEC et Ed Tech Advisors<\/h3><p>Le 21 octobre 2024, l\u2019Office International de l\u2019Enseignement Catholique (OIEC) a sign\u00e9 une alliance strat\u00e9gique avec <span style=\"color: #ff9900;\"><strong>Ed Tech Advisors<\/strong><\/span>, une entreprise sp\u00e9cialis\u00e9e dans l&#8217;int\u00e9gration de solutions innovantes<br \/>dans les \u00e9coles catholiques. Cette collaboration s&#8217;inscrit dans le cadre du Projet de Transformation Num\u00e9rique pour l\u2019Enseignement Catholique et vise \u00e0 faciliter l\u2019acc\u00e8s aux technologies \u00e9ducatives de pointe.<\/p><p><a href=\"https:\/\/drive.google.com\/file\/d\/1mia5CaeQs4zCb8sNWX_vwgfOzjXA2ST4\/view?usp=sharing\">Pour en savoir plus&#8230;<\/a><\/p>\t\t\t\t\t\t<\/div>\n\t\t\t\t<\/div>\n\t\t\t\t\t<\/div>\n\t\t<\/div>\n\t\t\t\t\t<\/div>\n\t\t<\/section>\n\t\t\t\t<\/div>\n\t\t","protected":false},"excerpt":{"rendered":"<p>English &#8211; Fran\u00e7ais &#8211; Espa\u00f1ol R\u00c9IMAGINER ET TRANSFORMER L&#8217;ENSEIGNEMENT DANS L&#8217;\u00c8RE DE L&#8217;INTELLIGENCE ARTIFICIELLE L\u2019OIEC lance un projet de transformation num\u00e9rique pour l&#8217;enseignement catholique Pacte \u00c9ducatif Global et technologie au service de la mission: L&#8217;enseignement catholique traversa une p\u00e9riode d\u00e9cisive, confront\u00e9 au d\u00e9fi d\u2019\u00e9voluer et de s\u2019adapter aux exigences du XXIe si\u00e8cle sans perdre son identit\u00e9 et sa mission. En&#8230;<\/p>\n","protected":false},"author":3,"featured_media":0,"parent":0,"menu_order":0,"comment_status":"closed","ping_status":"closed","template":"","meta":{"_eb_attr":"","footnotes":""},"class_list":["post-8232","page","type-page","status-publish","hentry"],"_links":{"self":[{"href":"https:\/\/oiecinternational.com\/fr\/wp-json\/wp\/v2\/pages\/8232"}],"collection":[{"href":"https:\/\/oiecinternational.com\/fr\/wp-json\/wp\/v2\/pages"}],"about":[{"href":"https:\/\/oiecinternational.com\/fr\/wp-json\/wp\/v2\/types\/page"}],"author":[{"embeddable":true,"href":"https:\/\/oiecinternational.com\/fr\/wp-json\/wp\/v2\/users\/3"}],"replies":[{"embeddable":true,"href":"https:\/\/oiecinternational.com\/fr\/wp-json\/wp\/v2\/comments?post=8232"}],"version-history":[{"count":19,"href":"https:\/\/oiecinternational.com\/fr\/wp-json\/wp\/v2\/pages\/8232\/revisions"}],"predecessor-version":[{"id":8283,"href":"https:\/\/oiecinternational.com\/fr\/wp-json\/wp\/v2\/pages\/8232\/revisions\/8283"}],"wp:attachment":[{"href":"https:\/\/oiecinternational.com\/fr\/wp-json\/wp\/v2\/media?parent=8232"}],"curies":[{"name":"wp","href":"https:\/\/api.w.org\/{rel}","templated":true}]}}