{"id":96,"date":"2016-12-19T20:27:01","date_gmt":"2016-12-19T19:27:01","guid":{"rendered":"http:\/\/jcgqqhj.cluster030.hosting.ovh.net\/fr\/?page_id=96"},"modified":"2023-08-18T08:46:19","modified_gmt":"2023-08-18T06:46:19","slug":"histoire","status":"publish","type":"page","link":"https:\/\/oiecinternational.com\/fr\/loiec\/histoire\/","title":{"rendered":"HISTOIRE"},"content":{"rendered":"\t\t<div data-elementor-type=\"wp-page\" data-elementor-id=\"96\" class=\"elementor elementor-96\">\n\t\t\t\t\t\t<section class=\"elementor-section elementor-top-section elementor-element elementor-element-29fe2e9b elementor-section-boxed elementor-section-height-default elementor-section-height-default\" data-id=\"29fe2e9b\" data-element_type=\"section\">\n\t\t\t\t\t\t<div class=\"elementor-container elementor-column-gap-default\">\n\t\t\t\t\t<div class=\"elementor-column elementor-col-100 elementor-top-column elementor-element elementor-element-7897279\" data-id=\"7897279\" data-element_type=\"column\">\n\t\t\t<div class=\"elementor-widget-wrap elementor-element-populated\">\n\t\t\t\t\t\t<div class=\"elementor-element elementor-element-3a175539 elementor-widget elementor-widget-text-editor\" data-id=\"3a175539\" data-element_type=\"widget\" data-widget_type=\"text-editor.default\">\n\t\t\t\t<div class=\"elementor-widget-container\">\n\t\t\t\t\t\t\t<p><img fetchpriority=\"high\" decoding=\"async\" class=\"alignnone size-full wp-image-323\" src=\"http:\/\/oiecinternational.com\/wp-content\/uploads\/2016\/07\/history-header.png\" alt=\"\" width=\"4176\" height=\"1440\" \/><\/p><div><div id=\"box-wrapper\"><div id=\"colored-box\"><h2>1950<\/h2><\/div><blockquote><div id=\"colored-box\"><p>En novembre 1950, Mgr Frans op de Coul, alors dirigeant de l\u2019Office catholique hollandais pour l\u2019enseignement et l\u2019\u00e9ducation, r\u00e9unit les repr\u00e9sentants des organismes de l\u2019enseignement catholique de six pays (Angleterre, Belgique, France, Italie et Pays-Bas) en vue de cr\u00e9er un Secr\u00e9tariat d\u2019action et de liaison, pour renforcer l\u2019union entre les organismes et les personnes responsables de l\u2019Enseignement catholique dans le monde.<\/p><p>Le Saint-Si\u00e8ge encourage alors \u00e0 la plus grande internationalit\u00e9 possible.<\/p><\/div><\/blockquote><div id=\"colored-box\"><h2>1952<\/h2><\/div><blockquote><div id=\"colored-box\"><p>Forte de ces encouragements, une assembl\u00e9e g\u00e9n\u00e9rale constituante est convoqu\u00e9e \u00e0 Lucerne et vote l\u2019acte constitutif de l\u2019Office International de l\u2019Enseignement Catholique (OIEC). Aux signataires de la R\u00e9solution de Lucerne se joignent tr\u00e8s vite ensuite : le Liban, le Br\u00e9sil, le Canada, le Mexique, le Tanganyika et l\u2019Uruguay.<\/p><p>L\u2019OIEC (Office international de l\u2019Enseignement Catholique) est ainsi fond\u00e9 \u00e0 Lucerne, en Suisse, le 20 septembre 1952.<\/p><p><strong>Les fondateurs ont alors plusieurs pr\u00e9occupations :<\/strong><\/p><ul><li>Une repr\u00e9sentativit\u00e9 mondiale r\u00e9elle, par l\u2019adh\u00e9sion effective du plus grand nombre de pays o\u00f9 l\u2019Enseignement catholique est organis\u00e9.<\/li><li>Une reconnaissance par les autres O.I.C. (Organisations internationales catholiques) et une participation active \u00e0 leurs assises.<\/li><li>Une reconnaissance par les Nations Unies et leurs services sp\u00e9cialis\u00e9s : UNESCO, ECOSOC, B.E.I., FAO, etc.<\/li><li>Un renforcement de la structuration interne de l\u2019Office lui-m\u00eame.<\/li><\/ul><\/div><\/blockquote><div id=\"colored-box\">\u00a0<\/div><p><span style=\"color: #ffffff;\">&#8211;<\/span><\/p><\/div><div id=\"images\"><p><img decoding=\"async\" class=\"aligncenter size-full wp-image-1275 img\" src=\"http:\/\/oiecinternational.com\/wp-content\/uploads\/2016\/07\/history1.jpg\" alt=\"\" width=\"3648\" height=\"2736\" \/><\/p><h2>1954<\/h2><blockquote><p>D\u00e8s 1954, l\u2019Office devient membre de la \u00ab Conf\u00e9rence des O.I.C.\u00a0\u00bb, puis en 1955, membre du Comit\u00e9 de Continuit\u00e9 de cette Conf\u00e9rence.<\/p><\/blockquote><h2>1956<\/h2><blockquote><p>En 1956, le Saint Si\u00e8ge approuve les statuts de l\u2019OIEC. Des d\u00e9marches sont imm\u00e9diatement entreprises pour obtenir une reconnaissance publique internationale.<\/p><\/blockquote><h2>1958<\/h2><blockquote><p>Le 25 avril de 1958, l\u2019OIEC devient membre de l&#8217;UNESCO et de l&#8217;ONU avec le statut consultatif.<\/p><p>En septembre 1958, le Pape Pie XII re\u00e7oit en audition les dirigeants de l\u2019OIEC et les encourage dans le travail entrepris de coordination et d\u2019animation au sein de l\u2019Enseignement catholique mondial.<\/p><\/blockquote><h2>1960<\/h2><blockquote><p>\u00c0 la fin des ann\u00e9es 50, des contacts sont pris avec la CIEC (Conf\u00e9d\u00e9ration Interam\u00e9ricaine de l\u2019Enseignement Catholique). Cette collaboration avec la CIEC aboutit \u00e0 la conclusion d\u2019une convention de reconnaissance r\u00e9ciproque, sign\u00e9e le 28 janvier de 1960, \u00e0 San Jos\u00e9 de Costa Rica. Ainsi, un grand nombre de pays de l\u2019Am\u00e9rique Latine deviennent membres de l\u2019OIEC.<\/p><p>A la m\u00eame \u00e9poque, des contacts sont \u00e9tablis avec quelques pays d\u2019Afrique gr\u00e2ce au Chan. Jos. Moerman, directeur du BEC (Bureau de l\u2019Enseignement Catholique du Congo belge) et en 1960 l\u2019Assembl\u00e9e g\u00e9n\u00e9rale de l\u2019OIEC, r\u00e9unie \u00e0 Munich, cr\u00e9e la section Afrique.<\/p><\/blockquote><h2>1965<\/h2><blockquote><p>Au Conseil de l\u2019Europe, l&#8217;OIEC gagne en 1965 un statut sp\u00e9cial consultatif en qualit\u00e9 d\u2019Organisation internationale non gouvernementale.<\/p><p>En 1965 la d\u00e9claration du Concile Vatican II sur l&#8217;\u00e9ducation chr\u00e9tienne \u201cGravissimum Educationis\u201d met fortement l\u2019accent sur la n\u00e9cessit\u00e9 de favoriser la coordination et la coop\u00e9ration au niveau international et rappelle les mots du pape Paul VI dans son allocution devant l\u2019OIEC le 25 f\u00e9vrier 1964.<\/p><\/blockquote><h2>1974<\/h2><blockquote><p>En juin 1974, \u00e0 l\u2019assembl\u00e9e g\u00e9n\u00e9rale extraordinaire de Rome, les statuts sont modifi\u00e9s et approuv\u00e9s conform\u00e9ment aux normes applicables apr\u00e8s le Concile Vatican II. Ces statuts restent valables jusqu\u2019en 1994.<\/p><\/blockquote><h2>1994<\/h2><blockquote><p>Cette ann\u00e9e-l\u00e0, une nouvelle assembl\u00e9e \u00e0 Rome a modifi\u00e9 et mis \u00e0 jour ces statuts.<\/p><\/blockquote><h2>1998<\/h2><blockquote><p>En 1998, l\u2019UNESCO accepte l\u2019OIEC comme membre avec le statut de \u00ab relations formelles de consultation \u00bb et l&#8217;ONU avec un statut sp\u00e9cial consultatif.<\/p><\/blockquote><h2>2015<\/h2><blockquote><p>En novembre\u00a02015, l\u2019OIEC organise \u00e0 Rome <strong>l\u2019un des trois Congr\u00e8s de l\u2019\u00e9ducation catholique mondiale &#8220;\u00c9duquer aujourd\u2019hui et demain. Une passion qui se renouvelle&#8221;<\/strong>, promue par le Dicast\u00e8re de l\u2019\u00c9ducation catholique \u00e0 l\u2019occasion du 50e anniversaire de la Gravissimum educationis (Vatican II). Les membres du Congr\u00e8s ont \u00e9t\u00e9 re\u00e7us par le pape en Audience Sp\u00e9ciale le 21\u00a0novembre\u00a02015.<\/p><p>L\u2019OIEC a publi\u00e9 <strong>un livre intitul\u00e9\u00a0: 241 T\u00c9MOIGNAGES. Eduquer aujourd\u2019hui et demain<\/strong>, coordonn\u00e9 par le F. Juan Antonio Ojeda.<\/p><\/blockquote><h2>2017<\/h2><blockquote><p>En 2017, l\u2019OIEC lance <strong>le Projet &#8220;Je Peux&#8221; <\/strong>en collaboration avec l\u2019UISG-USG, le mouvement Design for Change et le Dicast\u00e8re pour l\u2019\u00c9ducation catholique. Ce projet donne aux enfants\/jeunes les moyens de changer le monde et de relever les d\u00e9fis de Laudato Si et des Objectifs de d\u00e9veloppement durable.<\/p><\/blockquote><h2>2019<\/h2><blockquote><p>Du 5 au 8 juin 2019, l&#8217;OIEC organise un congr\u00e8s \u00e0 New York \u00e0 l&#8217;universit\u00e9 de Fordham (Lincoln Center Campus).<\/p><p>Le th\u00e8me de ce Congr\u00e8s est inspir\u00e9 de l\u2019enseignement du pape Fran\u00e7ois (Laudato Si&#8217;)<br \/>et des engagements des Nations Unies (Objectifs du d\u00e9veloppement durable) :<\/p><p>\u00ab <strong><em>Eduquer \u00e0 l\u2019humanisme solidaire pour construire une &#8220;civilisation de l\u2019amour&#8221;. Les \u00e9coles catholiques du monde s\u2019engagent.<\/em><\/strong> \u00bb<\/p><p>L&#8217;occasion de permettre aux \u00e9coles catholiques du monde de se retrouver au niveau international afin de prendre ensemble des engagements envers le monde. Plus d\u2019une centaine d\u2019intervenants de tous les continents ont pr\u00e9sent\u00e9 des exp\u00e9riences d\u2019engagement \u00e9ducatif.<\/p><p>Durant ce congr\u00e8s, l\u2019OIEC pr\u00e9sente<strong> le livre\u00a0: &#8220;Ecoles avec c\u0153ur. Les \u00e9coles catholiques du monde \u00e9duquent \u00e0 l\u2019humanisme solidaire et durable&#8221;<\/strong>.<\/p><p>Du 27 au 30\u00a0novembre\u00a02019, la <strong>Rencontre mondiale &#8220;I can. <\/strong><strong>Children Global Summit&#8221; <\/strong>s\u2019est tenue \u00e0 Rome. Avec plus de 3500 enfants\/ jeunes venus de plus de 43 pays, ils ont :<\/p><ul><li>partag\u00e9 leurs projets de changement dans leur contexte;<\/li><li>montr\u00e9 que le Pacte pour l\u2019\u00e9ducation est possible car ils ont travaill\u00e9 ensemble, enfants\/jeunes de diff\u00e9rents pays, cultures, religions, ethnies, situation \u00e9conomique&#8230; Ils ont \u00e9t\u00e9 re\u00e7us par le pape Fran\u00e7ois le 30\u00a0novembre.<\/li><\/ul><\/blockquote><h2>2021<\/h2><blockquote><p>En septembre 2021, l\u2019OIEC lance le projet Planet Fraternity comme une exp\u00e9rimentation du projet I can. Pour r\u00e9pondre \u00e0 l&#8217;appel du Saint-p\u00e8re de sceller un engagement pour construire un Pacte \u00e9ducatif Global, l&#8217;OIEC cr\u00e9\u00e9 un projet permettant aux \u00e9l\u00e8ves et aux \u00e9quipes \u00e9ducatives de l\u2019OIEC de cr\u00e9er des liens de fraternit\u00e9 en travaillant ensemble sur des sujets d\u2019actualit\u00e9.<\/p><\/blockquote><h2>2022<\/h2><blockquote><p>En juin 2022, l\u2019assembl\u00e9e g\u00e9n\u00e9rale extraordinaire se r\u00e9unit pour effectuer la mise \u00e0 jour des statuts.<\/p><p>En d\u00e9cembre de cette m\u00eame ann\u00e9e, l\u2019OIEC c\u00e9l\u00e8bre ses 70 ans d\u2019existence lors du Congr\u00e8s de l\u2019OIEC \u00e0 Marseille.<\/p><p><strong>Une \u00e8re nouvelle commence pour l\u2019Enseignement catholique mondial avec :<\/strong><\/p><ul><li><strong>Le souhait du St P\u00e8re via le PEG<\/strong> d\u2019une r\u00e9volution \u00e0 amorcer dans notre approche \u00e9ducative.<\/li><li><strong>Un nouveau Dicast\u00e8re<\/strong> (de la Culture ET de l\u2019\u00e9ducation,<br \/>avec un \u00ab Et \u00bb inclusif).<\/li><li><strong>Un nouveau pr\u00e9fet<\/strong> en la personne du Cardinal Jos\u00e9 Tolentino Mendon\u00e7a.<\/li><li><strong>Un Nouveau Pr\u00e9sident de l\u2019OIEC<\/strong> avec le P\u00e8re Jawad Alamat<\/li><li><strong>Un nouveau Secr\u00e9taire g\u00e9n\u00e9ral de l\u2019OIEC<\/strong> en la personne d\u2019Herv\u00e9 Lecomte<\/li><li><strong>Et un nouveau conseil.<\/strong><\/li><\/ul><\/blockquote><\/div><\/div>\t\t\t\t\t\t<\/div>\n\t\t\t\t<\/div>\n\t\t\t\t\t<\/div>\n\t\t<\/div>\n\t\t\t\t\t<\/div>\n\t\t<\/section>\n\t\t\t\t<\/div>\n\t\t","protected":false},"excerpt":{"rendered":"<p>1950 En novembre 1950, Mgr Frans op de Coul, alors dirigeant de l\u2019Office catholique hollandais pour l\u2019enseignement et l\u2019\u00e9ducation, r\u00e9unit les repr\u00e9sentants des organismes de l\u2019enseignement catholique de six pays (Angleterre, Belgique, France, Italie et Pays-Bas) en vue de cr\u00e9er un Secr\u00e9tariat d\u2019action et de liaison, pour renforcer l\u2019union entre les organismes et les personnes responsables de l\u2019Enseignement catholique dans&#8230;<\/p>\n","protected":false},"author":3,"featured_media":0,"parent":7369,"menu_order":2,"comment_status":"closed","ping_status":"closed","template":"","meta":{"_eb_attr":"","footnotes":""},"class_list":["post-96","page","type-page","status-publish","hentry"],"_links":{"self":[{"href":"https:\/\/oiecinternational.com\/fr\/wp-json\/wp\/v2\/pages\/96"}],"collection":[{"href":"https:\/\/oiecinternational.com\/fr\/wp-json\/wp\/v2\/pages"}],"about":[{"href":"https:\/\/oiecinternational.com\/fr\/wp-json\/wp\/v2\/types\/page"}],"author":[{"embeddable":true,"href":"https:\/\/oiecinternational.com\/fr\/wp-json\/wp\/v2\/users\/3"}],"replies":[{"embeddable":true,"href":"https:\/\/oiecinternational.com\/fr\/wp-json\/wp\/v2\/comments?post=96"}],"version-history":[{"count":0,"href":"https:\/\/oiecinternational.com\/fr\/wp-json\/wp\/v2\/pages\/96\/revisions"}],"up":[{"embeddable":true,"href":"https:\/\/oiecinternational.com\/fr\/wp-json\/wp\/v2\/pages\/7369"}],"wp:attachment":[{"href":"https:\/\/oiecinternational.com\/fr\/wp-json\/wp\/v2\/media?parent=96"}],"curies":[{"name":"wp","href":"https:\/\/api.w.org\/{rel}","templated":true}]}}